{"id":392997,"date":"2025-09-21T18:18:29","date_gmt":"2025-09-21T16:18:29","guid":{"rendered":"https:\/\/maisoncleo.com\/?post_type=product&#038;p=392997"},"modified":"2025-09-21T18:51:01","modified_gmt":"2025-09-21T16:51:01","slug":"la-garnoule-robe-asymetrique-en-bi-matiere-copy","status":"publish","type":"product","link":"https:\/\/maisoncleo.com\/fr\/shop\/la-garnoule-robe-asymetrique-en-bi-matiere-copy\/","title":{"rendered":"LA GARNOULE &#8211; Robe babydoll pliss\u00e9e en coton noir"},"content":{"rendered":"<p><span style=\"font-weight: 400;\">Notre nouvelle robe babydoll pr\u00e9f\u00e9r\u00e9e avec un travail pliss\u00e9 dans le bas, d\u00e9collet\u00e9 carr\u00e9, petites manches bouffantes, lien \u00e0 nouer dans le dos du cou, coupe trapeze. 100% coton. Longueur : 82 cm.<\/span><\/p>\n<p><span style=\"font-weight: 400;\">La mod\u00e8le mesure 1,75m et porte une taille 38.<\/span><\/p>\n<p><span style=\"font-weight: 400;\">Comme tout est fabriqu\u00e9 \u00e0 la commande, vous pouvez demander la longueur que vous souhaitez.<\/span><\/p>\n<p>LOOK de notre collection automne hiver \u201cLA GARNOULE\u201d.<\/p>\n","protected":false},"excerpt":{"rendered":"<p>Notre nouvelle robe babydoll pr\u00e9f\u00e9r\u00e9e avec un travail pliss\u00e9 dans le bas, d\u00e9collet\u00e9 carr\u00e9, petites manches bouffantes, lien \u00e0 nouer dans le&hellip;<\/p>\n","protected":false},"featured_media":393011,"template":"","meta":[],"product_brand":[],"product_cat":[668,664,661],"product_tag":[],"class_list":{"0":"post-392997","1":"product","2":"type-product","3":"status-publish","4":"has-post-thumbnail","6":"product_cat-capsule","7":"product_cat-robes","8":"product_cat-tout-voir","10":"first","11":"instock","12":"taxable","13":"shipping-taxable","14":"purchasable","15":"product-type-variable"},"_links":{"self":[{"href":"https:\/\/maisoncleo.com\/fr\/wp-json\/wp\/v2\/product\/392997","targetHints":{"allow":["GET"]}}],"collection":[{"href":"https:\/\/maisoncleo.com\/fr\/wp-json\/wp\/v2\/product"}],"about":[{"href":"https:\/\/maisoncleo.com\/fr\/wp-json\/wp\/v2\/types\/product"}],"version-history":[{"count":1,"href":"https:\/\/maisoncleo.com\/fr\/wp-json\/wp\/v2\/product\/392997\/revisions"}],"predecessor-version":[{"id":393019,"href":"https:\/\/maisoncleo.com\/fr\/wp-json\/wp\/v2\/product\/392997\/revisions\/393019"}],"wp:featuredmedia":[{"embeddable":true,"href":"https:\/\/maisoncleo.com\/fr\/wp-json\/wp\/v2\/media\/393011"}],"wp:attachment":[{"href":"https:\/\/maisoncleo.com\/fr\/wp-json\/wp\/v2\/media?parent=392997"}],"wp:term":[{"taxonomy":"product_brand","embeddable":true,"href":"https:\/\/maisoncleo.com\/fr\/wp-json\/wp\/v2\/product_brand?post=392997"},{"taxonomy":"product_cat","embeddable":true,"href":"https:\/\/maisoncleo.com\/fr\/wp-json\/wp\/v2\/product_cat?post=392997"},{"taxonomy":"product_tag","embeddable":true,"href":"https:\/\/maisoncleo.com\/fr\/wp-json\/wp\/v2\/product_tag?post=392997"}],"curies":[{"name":"wp","href":"https:\/\/api.w.org\/{rel}","templated":true}]}}