{"id":392880,"date":"2025-09-21T17:56:30","date_gmt":"2025-09-21T15:56:30","guid":{"rendered":"https:\/\/maisoncleo.com\/?post_type=product&#038;p=392880"},"modified":"2025-12-02T22:45:22","modified_gmt":"2025-12-02T20:45:22","slug":"la-garnoule-t-shirt-loose-manches-longues-a-motifs-abstraits-copy","status":"publish","type":"product","link":"https:\/\/maisoncleo.com\/fr\/shop\/la-garnoule-t-shirt-loose-manches-longues-a-motifs-abstraits-copy\/","title":{"rendered":"LA GARNOULE &#8211; T-shirt loose manches longues marini\u00e8re en jersey de coton"},"content":{"rendered":"<p><span style=\"font-weight: 400;\">T-shirt loose manches longues marini\u00e8re en jersey de coton, col rond, manches longues, le parfait basique \u00e0 avoir encore et encore dans sa garde-robe. Sa particularit\u00e9 = des lignes toutes fines dans deux diff\u00e9rentes teintes de bleu et sa mati\u00e8re en jersey de coton grain\u00e9 ce qui lui donnent ce c\u00f4t\u00e9 chic et pr\u00e9cieux qui le diff\u00e9rencie. Longueur : 63 cm. <\/span><\/p>\n<p><span style=\"font-weight: 400;\">La mod\u00e8le mesure 1,75m et porte une taille 38.<\/span><\/p>\n<p><span style=\"font-weight: 400;\">Comme tout est fabriqu\u00e9 \u00e0 la commande, vous pouvez demander la longueur que vous souhaitez.<\/span><\/p>\n<p>LOOK de notre collection automne hiver \u201cLA GARNOULE\u201d.<\/p>\n","protected":false},"excerpt":{"rendered":"<p>T-shirt loose manches longues marini\u00e8re en jersey de coton, col rond, manches longues, le parfait basique \u00e0 avoir encore et encore dans&hellip;<\/p>\n","protected":false},"featured_media":392816,"template":"","meta":[],"product_brand":[],"product_cat":[668,674,661],"product_tag":[],"class_list":{"0":"post-392880","1":"product","2":"type-product","3":"status-publish","4":"has-post-thumbnail","6":"product_cat-capsule","7":"product_cat-tops","8":"product_cat-tout-voir","10":"first","11":"outofstock","12":"taxable","13":"shipping-taxable","14":"purchasable","15":"product-type-variable"},"_links":{"self":[{"href":"https:\/\/maisoncleo.com\/fr\/wp-json\/wp\/v2\/product\/392880","targetHints":{"allow":["GET"]}}],"collection":[{"href":"https:\/\/maisoncleo.com\/fr\/wp-json\/wp\/v2\/product"}],"about":[{"href":"https:\/\/maisoncleo.com\/fr\/wp-json\/wp\/v2\/types\/product"}],"version-history":[{"count":1,"href":"https:\/\/maisoncleo.com\/fr\/wp-json\/wp\/v2\/product\/392880\/revisions"}],"predecessor-version":[{"id":392894,"href":"https:\/\/maisoncleo.com\/fr\/wp-json\/wp\/v2\/product\/392880\/revisions\/392894"}],"wp:featuredmedia":[{"embeddable":true,"href":"https:\/\/maisoncleo.com\/fr\/wp-json\/wp\/v2\/media\/392816"}],"wp:attachment":[{"href":"https:\/\/maisoncleo.com\/fr\/wp-json\/wp\/v2\/media?parent=392880"}],"wp:term":[{"taxonomy":"product_brand","embeddable":true,"href":"https:\/\/maisoncleo.com\/fr\/wp-json\/wp\/v2\/product_brand?post=392880"},{"taxonomy":"product_cat","embeddable":true,"href":"https:\/\/maisoncleo.com\/fr\/wp-json\/wp\/v2\/product_cat?post=392880"},{"taxonomy":"product_tag","embeddable":true,"href":"https:\/\/maisoncleo.com\/fr\/wp-json\/wp\/v2\/product_tag?post=392880"}],"curies":[{"name":"wp","href":"https:\/\/api.w.org\/{rel}","templated":true}]}}