{"id":392764,"date":"2025-09-21T17:39:54","date_gmt":"2025-09-21T15:39:54","guid":{"rendered":"https:\/\/maisoncleo.com\/?post_type=product&#038;p=392764"},"modified":"2025-09-21T18:49:43","modified_gmt":"2025-09-21T16:49:43","slug":"la-garnoule-robe-en-tweed-de-laine-et-coton-trapeze-copy","status":"publish","type":"product","link":"https:\/\/maisoncleo.com\/fr\/shop\/la-garnoule-robe-en-tweed-de-laine-et-coton-trapeze-copy\/","title":{"rendered":"LA GARNOULE &#8211; Robe en velours ras motif vache"},"content":{"rendered":"<p><span style=\"font-weight: 400;\">Robe en velours ras motif vache, sans manches, encolure arrondie, d\u00e9tails de d\u00e9coupes, fermeture \u00e9clair dans le dos, deux fausses poches arrondies sur le devant. Longueur : 82 cm.<\/span><\/p>\n<p><span style=\"font-weight: 400;\">La mod\u00e8le mesure 1,75m et porte une taille 38.<\/span><\/p>\n<p><span style=\"font-weight: 400;\">Comme tout est fabriqu\u00e9 \u00e0 la commande, vous pouvez demander la longueur que vous souhaitez.<\/span><\/p>\n<p>LOOK de notre collection automne hiver \u201cLA GARNOULE\u201d.<\/p>\n","protected":false},"excerpt":{"rendered":"<p>Robe en velours ras motif vache, sans manches, encolure arrondie, d\u00e9tails de d\u00e9coupes, fermeture \u00e9clair dans le dos, deux fausses poches arrondies&hellip;<\/p>\n","protected":false},"featured_media":392744,"template":"","meta":[],"product_brand":[],"product_cat":[668,664,661],"product_tag":[],"class_list":{"0":"post-392764","1":"product","2":"type-product","3":"status-publish","4":"has-post-thumbnail","6":"product_cat-capsule","7":"product_cat-robes","8":"product_cat-tout-voir","10":"first","11":"instock","12":"taxable","13":"shipping-taxable","14":"purchasable","15":"product-type-variable"},"_links":{"self":[{"href":"https:\/\/maisoncleo.com\/fr\/wp-json\/wp\/v2\/product\/392764","targetHints":{"allow":["GET"]}}],"collection":[{"href":"https:\/\/maisoncleo.com\/fr\/wp-json\/wp\/v2\/product"}],"about":[{"href":"https:\/\/maisoncleo.com\/fr\/wp-json\/wp\/v2\/types\/product"}],"version-history":[{"count":1,"href":"https:\/\/maisoncleo.com\/fr\/wp-json\/wp\/v2\/product\/392764\/revisions"}],"predecessor-version":[{"id":392778,"href":"https:\/\/maisoncleo.com\/fr\/wp-json\/wp\/v2\/product\/392764\/revisions\/392778"}],"wp:featuredmedia":[{"embeddable":true,"href":"https:\/\/maisoncleo.com\/fr\/wp-json\/wp\/v2\/media\/392744"}],"wp:attachment":[{"href":"https:\/\/maisoncleo.com\/fr\/wp-json\/wp\/v2\/media?parent=392764"}],"wp:term":[{"taxonomy":"product_brand","embeddable":true,"href":"https:\/\/maisoncleo.com\/fr\/wp-json\/wp\/v2\/product_brand?post=392764"},{"taxonomy":"product_cat","embeddable":true,"href":"https:\/\/maisoncleo.com\/fr\/wp-json\/wp\/v2\/product_cat?post=392764"},{"taxonomy":"product_tag","embeddable":true,"href":"https:\/\/maisoncleo.com\/fr\/wp-json\/wp\/v2\/product_tag?post=392764"}],"curies":[{"name":"wp","href":"https:\/\/api.w.org\/{rel}","templated":true}]}}