{"id":392538,"date":"2025-09-21T17:02:30","date_gmt":"2025-09-21T15:02:30","guid":{"rendered":"https:\/\/maisoncleo.com\/?post_type=product&#038;p=392538"},"modified":"2025-09-22T11:14:42","modified_gmt":"2025-09-22T09:14:42","slug":"la-garnoule-beret-en-laine-a-carreaux-bleu-marine-et-vert-copy","status":"publish","type":"product","link":"https:\/\/maisoncleo.com\/fr\/shop\/la-garnoule-beret-en-laine-a-carreaux-bleu-marine-et-vert-copy\/","title":{"rendered":"LA GARNOULE &#8211; Echarpe \u00e0 rayures fuschia et rose en laine m\u00e9lang\u00e9e tricot\u00e9e"},"content":{"rendered":"<p><span style=\"font-weight: 400;\">Echarpe \u00e0 rayures fuschia et rose en laine m\u00e9lang\u00e9e tricot\u00e9e. Longueur : 2 m\u00e8tres, largueur : 10 cm.<\/span><\/p>\n<p>LOOK de notre collection automne hiver \u201cLA GARNOULE\u201d.<\/p>\n","protected":false},"excerpt":{"rendered":"<p>Echarpe \u00e0 rayures fuschia et rose en laine m\u00e9lang\u00e9e tricot\u00e9e. Longueur : 2 m\u00e8tres, largueur : 10 cm. LOOK de notre collection&hellip;<\/p>\n","protected":false},"featured_media":392515,"template":"","meta":[],"product_brand":[],"product_cat":[656,668,661],"product_tag":[],"class_list":{"0":"post-392538","1":"product","2":"type-product","3":"status-publish","4":"has-post-thumbnail","6":"product_cat-accessoires-cheveux","7":"product_cat-capsule","8":"product_cat-tout-voir","10":"first","11":"instock","12":"taxable","13":"shipping-taxable","14":"purchasable","15":"product-type-variable"},"_links":{"self":[{"href":"https:\/\/maisoncleo.com\/fr\/wp-json\/wp\/v2\/product\/392538","targetHints":{"allow":["GET"]}}],"collection":[{"href":"https:\/\/maisoncleo.com\/fr\/wp-json\/wp\/v2\/product"}],"about":[{"href":"https:\/\/maisoncleo.com\/fr\/wp-json\/wp\/v2\/types\/product"}],"version-history":[{"count":2,"href":"https:\/\/maisoncleo.com\/fr\/wp-json\/wp\/v2\/product\/392538\/revisions"}],"predecessor-version":[{"id":393148,"href":"https:\/\/maisoncleo.com\/fr\/wp-json\/wp\/v2\/product\/392538\/revisions\/393148"}],"wp:featuredmedia":[{"embeddable":true,"href":"https:\/\/maisoncleo.com\/fr\/wp-json\/wp\/v2\/media\/392515"}],"wp:attachment":[{"href":"https:\/\/maisoncleo.com\/fr\/wp-json\/wp\/v2\/media?parent=392538"}],"wp:term":[{"taxonomy":"product_brand","embeddable":true,"href":"https:\/\/maisoncleo.com\/fr\/wp-json\/wp\/v2\/product_brand?post=392538"},{"taxonomy":"product_cat","embeddable":true,"href":"https:\/\/maisoncleo.com\/fr\/wp-json\/wp\/v2\/product_cat?post=392538"},{"taxonomy":"product_tag","embeddable":true,"href":"https:\/\/maisoncleo.com\/fr\/wp-json\/wp\/v2\/product_tag?post=392538"}],"curies":[{"name":"wp","href":"https:\/\/api.w.org\/{rel}","templated":true}]}}