{"id":392437,"date":"2025-09-21T16:48:03","date_gmt":"2025-09-21T14:48:03","guid":{"rendered":"https:\/\/maisoncleo.com\/?post_type=product&#038;p=392437"},"modified":"2025-09-21T18:46:44","modified_gmt":"2025-09-21T16:46:44","slug":"la-garnoule-pull-chaussette-en-jersey-de-coton-cotele-rouge-copy","status":"publish","type":"product","link":"https:\/\/maisoncleo.com\/fr\/shop\/la-garnoule-pull-chaussette-en-jersey-de-coton-cotele-rouge-copy\/","title":{"rendered":"LA GARNOULE &#8211; Pull chaussette en jersey de coton c\u00f4tel\u00e9 blanc"},"content":{"rendered":"<p><span style=\"font-weight: 400;\">Pull chaussette en jersey de coton c\u00f4tel\u00e9 blanc, tissu doux, structur\u00e9 et opaque, manches longues, col remont\u00e9. Longueur : 55 cm.<\/span><\/p>\n<p><span style=\"font-weight: 400;\">La mod\u00e8le mesure 1,75m et porte une taille 38.<\/span><\/p>\n<p><span style=\"font-weight: 400;\">Comme tout est fabriqu\u00e9 \u00e0 la commande, vous pouvez demander la longueur que vous souhaitez.<\/span><\/p>\n<p>LOOK de notre collection automne hiver \u201cLA GARNOULE\u201d.<\/p>\n","protected":false},"excerpt":{"rendered":"<p>Pull chaussette en jersey de coton c\u00f4tel\u00e9 blanc, tissu doux, structur\u00e9 et opaque, manches longues, col remont\u00e9. Longueur : 55 cm. La&hellip;<\/p>\n","protected":false},"featured_media":392413,"template":"","meta":[],"product_brand":[],"product_cat":[668,674,661],"product_tag":[],"class_list":{"0":"post-392437","1":"product","2":"type-product","3":"status-publish","4":"has-post-thumbnail","6":"product_cat-capsule","7":"product_cat-tops","8":"product_cat-tout-voir","10":"first","11":"instock","12":"taxable","13":"shipping-taxable","14":"purchasable","15":"product-type-variable"},"_links":{"self":[{"href":"https:\/\/maisoncleo.com\/fr\/wp-json\/wp\/v2\/product\/392437","targetHints":{"allow":["GET"]}}],"collection":[{"href":"https:\/\/maisoncleo.com\/fr\/wp-json\/wp\/v2\/product"}],"about":[{"href":"https:\/\/maisoncleo.com\/fr\/wp-json\/wp\/v2\/types\/product"}],"version-history":[{"count":1,"href":"https:\/\/maisoncleo.com\/fr\/wp-json\/wp\/v2\/product\/392437\/revisions"}],"predecessor-version":[{"id":392451,"href":"https:\/\/maisoncleo.com\/fr\/wp-json\/wp\/v2\/product\/392437\/revisions\/392451"}],"wp:featuredmedia":[{"embeddable":true,"href":"https:\/\/maisoncleo.com\/fr\/wp-json\/wp\/v2\/media\/392413"}],"wp:attachment":[{"href":"https:\/\/maisoncleo.com\/fr\/wp-json\/wp\/v2\/media?parent=392437"}],"wp:term":[{"taxonomy":"product_brand","embeddable":true,"href":"https:\/\/maisoncleo.com\/fr\/wp-json\/wp\/v2\/product_brand?post=392437"},{"taxonomy":"product_cat","embeddable":true,"href":"https:\/\/maisoncleo.com\/fr\/wp-json\/wp\/v2\/product_cat?post=392437"},{"taxonomy":"product_tag","embeddable":true,"href":"https:\/\/maisoncleo.com\/fr\/wp-json\/wp\/v2\/product_tag?post=392437"}],"curies":[{"name":"wp","href":"https:\/\/api.w.org\/{rel}","templated":true}]}}