{"id":392158,"date":"2025-09-21T16:09:45","date_gmt":"2025-09-21T14:09:45","guid":{"rendered":"https:\/\/maisoncleo.com\/?post_type=product&#038;p=392158"},"modified":"2025-09-21T18:45:10","modified_gmt":"2025-09-21T16:45:10","slug":"la-garnoule-jupe-mi-longue-evasee-en-coton-leger-noir-copy","status":"publish","type":"product","link":"https:\/\/maisoncleo.com\/fr\/shop\/la-garnoule-jupe-mi-longue-evasee-en-coton-leger-noir-copy\/","title":{"rendered":"LA GARNOULE &#8211; Jupe mi-longue sir\u00e8ne motifs abstraits"},"content":{"rendered":"<p><span style=\"font-weight: 400;\">Jupe mi-longue sir\u00e8ne motifs abstraits, motif pois asym\u00e9triques dans les tons de marron en jersey de coton, coupe forme sir\u00e8ne. Longueur : 79 cm.<\/span><\/p>\n<p><span style=\"font-weight: 400;\">La mod\u00e8le mesure 1,75m et porte une taille 38.<\/span><\/p>\n<p><span style=\"font-weight: 400;\">Comme tout est fabriqu\u00e9 \u00e0 la commande, vous pouvez demander la longueur que vous souhaitez.<\/span><\/p>\n<p>LOOK de notre collection automne hiver \u201cLA GARNOULE\u201d.<\/p>\n","protected":false},"excerpt":{"rendered":"<p>Jupe mi-longue sir\u00e8ne motifs abstraits, motif pois asym\u00e9triques dans les tons de marron en jersey de coton, coupe forme sir\u00e8ne. Longueur :&hellip;<\/p>\n","protected":false},"featured_media":392134,"template":"","meta":[],"product_brand":[],"product_cat":[672,668,661],"product_tag":[],"class_list":{"0":"post-392158","1":"product","2":"type-product","3":"status-publish","4":"has-post-thumbnail","6":"product_cat-jupes","7":"product_cat-capsule","8":"product_cat-tout-voir","10":"first","11":"instock","12":"taxable","13":"shipping-taxable","14":"purchasable","15":"product-type-variable"},"_links":{"self":[{"href":"https:\/\/maisoncleo.com\/fr\/wp-json\/wp\/v2\/product\/392158","targetHints":{"allow":["GET"]}}],"collection":[{"href":"https:\/\/maisoncleo.com\/fr\/wp-json\/wp\/v2\/product"}],"about":[{"href":"https:\/\/maisoncleo.com\/fr\/wp-json\/wp\/v2\/types\/product"}],"version-history":[{"count":1,"href":"https:\/\/maisoncleo.com\/fr\/wp-json\/wp\/v2\/product\/392158\/revisions"}],"predecessor-version":[{"id":392172,"href":"https:\/\/maisoncleo.com\/fr\/wp-json\/wp\/v2\/product\/392158\/revisions\/392172"}],"wp:featuredmedia":[{"embeddable":true,"href":"https:\/\/maisoncleo.com\/fr\/wp-json\/wp\/v2\/media\/392134"}],"wp:attachment":[{"href":"https:\/\/maisoncleo.com\/fr\/wp-json\/wp\/v2\/media?parent=392158"}],"wp:term":[{"taxonomy":"product_brand","embeddable":true,"href":"https:\/\/maisoncleo.com\/fr\/wp-json\/wp\/v2\/product_brand?post=392158"},{"taxonomy":"product_cat","embeddable":true,"href":"https:\/\/maisoncleo.com\/fr\/wp-json\/wp\/v2\/product_cat?post=392158"},{"taxonomy":"product_tag","embeddable":true,"href":"https:\/\/maisoncleo.com\/fr\/wp-json\/wp\/v2\/product_tag?post=392158"}],"curies":[{"name":"wp","href":"https:\/\/api.w.org\/{rel}","templated":true}]}}