{"id":391857,"date":"2025-09-21T15:18:16","date_gmt":"2025-09-21T13:18:16","guid":{"rendered":"https:\/\/maisoncleo.com\/?post_type=product&#038;p=391857"},"modified":"2025-09-21T18:43:03","modified_gmt":"2025-09-21T16:43:03","slug":"la-garnoule-robe-en-tweed-de-laine-et-coton-trapeze-copy-2","status":"publish","type":"product","link":"https:\/\/maisoncleo.com\/fr\/shop\/la-garnoule-robe-en-tweed-de-laine-et-coton-trapeze-copy-2\/","title":{"rendered":"LA GARNOULE &#8211; Robe mi-longue tricot\u00e9e boutonn\u00e9e \u00e0 rayures multicolores"},"content":{"rendered":"<p><span style=\"font-weight: 400;\">Robe mi-longue tricot\u00e9e boutonn\u00e9e \u00e0 rayures multicolores. Manches longues, m\u00e9lange de laine tricot\u00e9e \u00e0 rayures dans les tons de marron, bleu et jaune, fermeture par des boutons marrons sur le devant emboss\u00e9 avec notre marque \u201cMaisonCl\u00e9o\u201d fabriqu\u00e9 \u00e0 c\u00f4t\u00e9 de notre atelier dans le Nord de la France. La robe tricot\u00e9e trop mignonne aux couleurs de l\u2019automne &lt;3 L\u00e9g\u00e8rement transparent, vous pouvez mettre en dessous notre soutien gorge et culotte en dentelle marron comme nous avons mis ici sur la photo. Longueur : 100 cm.<\/span><\/p>\n<p><span style=\"font-weight: 400;\">La mod\u00e8le mesure 1,75m et porte une taille 38.<\/span><\/p>\n<p><span style=\"font-weight: 400;\">Comme tout est fabriqu\u00e9 \u00e0 la commande, vous pouvez demander la longueur que vous souhaitez.<\/span><\/p>\n<p>LOOK de notre collection automne hiver \u201cLA GARNOULE\u201d.<\/p>\n","protected":false},"excerpt":{"rendered":"<p>Robe mi-longue tricot\u00e9e boutonn\u00e9e \u00e0 rayures multicolores. Manches longues, m\u00e9lange de laine tricot\u00e9e \u00e0 rayures dans les tons de marron, bleu et&hellip;<\/p>\n","protected":false},"featured_media":391877,"template":"","meta":[],"product_brand":[],"product_cat":[666,668,664,661],"product_tag":[],"class_list":{"0":"post-391857","1":"product","2":"type-product","3":"status-publish","4":"has-post-thumbnail","6":"product_cat-mailles","7":"product_cat-capsule","8":"product_cat-robes","9":"product_cat-tout-voir","11":"first","12":"instock","13":"taxable","14":"shipping-taxable","15":"purchasable","16":"product-type-variable"},"_links":{"self":[{"href":"https:\/\/maisoncleo.com\/fr\/wp-json\/wp\/v2\/product\/391857","targetHints":{"allow":["GET"]}}],"collection":[{"href":"https:\/\/maisoncleo.com\/fr\/wp-json\/wp\/v2\/product"}],"about":[{"href":"https:\/\/maisoncleo.com\/fr\/wp-json\/wp\/v2\/types\/product"}],"version-history":[{"count":1,"href":"https:\/\/maisoncleo.com\/fr\/wp-json\/wp\/v2\/product\/391857\/revisions"}],"predecessor-version":[{"id":391895,"href":"https:\/\/maisoncleo.com\/fr\/wp-json\/wp\/v2\/product\/391857\/revisions\/391895"}],"wp:featuredmedia":[{"embeddable":true,"href":"https:\/\/maisoncleo.com\/fr\/wp-json\/wp\/v2\/media\/391877"}],"wp:attachment":[{"href":"https:\/\/maisoncleo.com\/fr\/wp-json\/wp\/v2\/media?parent=391857"}],"wp:term":[{"taxonomy":"product_brand","embeddable":true,"href":"https:\/\/maisoncleo.com\/fr\/wp-json\/wp\/v2\/product_brand?post=391857"},{"taxonomy":"product_cat","embeddable":true,"href":"https:\/\/maisoncleo.com\/fr\/wp-json\/wp\/v2\/product_cat?post=391857"},{"taxonomy":"product_tag","embeddable":true,"href":"https:\/\/maisoncleo.com\/fr\/wp-json\/wp\/v2\/product_tag?post=391857"}],"curies":[{"name":"wp","href":"https:\/\/api.w.org\/{rel}","templated":true}]}}