{"id":391736,"date":"2025-09-21T14:51:01","date_gmt":"2025-09-21T12:51:01","guid":{"rendered":"https:\/\/maisoncleo.com\/?post_type=product&#038;p=391736"},"modified":"2025-09-21T18:42:33","modified_gmt":"2025-09-21T16:42:33","slug":"la-garnoule-jupe-teila-en-fausse-fourrure-boucle-orange-et-marron-clair-copy","status":"publish","type":"product","link":"https:\/\/maisoncleo.com\/fr\/shop\/la-garnoule-jupe-teila-en-fausse-fourrure-boucle-orange-et-marron-clair-copy\/","title":{"rendered":"LA GARNOULE &#8211; Jupe Teila \u00e0 poils courts marron velours dor\u00e9"},"content":{"rendered":"<p><span style=\"font-weight: 400;\">Jupe trap\u00e8ze \u00e0 poils courts marron velours dor\u00e9. Fermeture \u00e9clair dans le dos, magnifique tissu provenant d\u2019une maison de Haute-Couture effet fausse fourrure \u00e0 poils courts effet velours. Coupe l\u00e9g\u00e8rement trap\u00e8ze. Deux poches arrondies sur les c\u00f4t\u00e9s devant. La jupe 70\u2019s! Longueur : 36 cm.<\/span><\/p>\n<p><span style=\"font-weight: 400;\">La mod\u00e8le mesure 1,75m et porte une taille 38.<\/span><\/p>\n<p><span style=\"font-weight: 400;\">Comme tout est fabriqu\u00e9 \u00e0 la commande, vous pouvez demander la longueur que vous souhaitez.<\/span><\/p>\n<p>LOOK de notre collection automne hiver \u201cLA GARNOULE\u201d.<\/p>\n","protected":false},"excerpt":{"rendered":"<p>Jupe trap\u00e8ze \u00e0 poils courts marron velours dor\u00e9. Fermeture \u00e9clair dans le dos, magnifique tissu provenant d\u2019une maison de Haute-Couture effet fausse&hellip;<\/p>\n","protected":false},"featured_media":391746,"template":"","meta":[],"product_brand":[],"product_cat":[672,668,661],"product_tag":[],"class_list":{"0":"post-391736","1":"product","2":"type-product","3":"status-publish","4":"has-post-thumbnail","6":"product_cat-jupes","7":"product_cat-capsule","8":"product_cat-tout-voir","10":"first","11":"instock","12":"taxable","13":"shipping-taxable","14":"purchasable","15":"product-type-variable"},"_links":{"self":[{"href":"https:\/\/maisoncleo.com\/fr\/wp-json\/wp\/v2\/product\/391736","targetHints":{"allow":["GET"]}}],"collection":[{"href":"https:\/\/maisoncleo.com\/fr\/wp-json\/wp\/v2\/product"}],"about":[{"href":"https:\/\/maisoncleo.com\/fr\/wp-json\/wp\/v2\/types\/product"}],"version-history":[{"count":1,"href":"https:\/\/maisoncleo.com\/fr\/wp-json\/wp\/v2\/product\/391736\/revisions"}],"predecessor-version":[{"id":391760,"href":"https:\/\/maisoncleo.com\/fr\/wp-json\/wp\/v2\/product\/391736\/revisions\/391760"}],"wp:featuredmedia":[{"embeddable":true,"href":"https:\/\/maisoncleo.com\/fr\/wp-json\/wp\/v2\/media\/391746"}],"wp:attachment":[{"href":"https:\/\/maisoncleo.com\/fr\/wp-json\/wp\/v2\/media?parent=391736"}],"wp:term":[{"taxonomy":"product_brand","embeddable":true,"href":"https:\/\/maisoncleo.com\/fr\/wp-json\/wp\/v2\/product_brand?post=391736"},{"taxonomy":"product_cat","embeddable":true,"href":"https:\/\/maisoncleo.com\/fr\/wp-json\/wp\/v2\/product_cat?post=391736"},{"taxonomy":"product_tag","embeddable":true,"href":"https:\/\/maisoncleo.com\/fr\/wp-json\/wp\/v2\/product_tag?post=391736"}],"curies":[{"name":"wp","href":"https:\/\/api.w.org\/{rel}","templated":true}]}}