{"id":391675,"date":"2025-09-21T14:43:12","date_gmt":"2025-09-21T12:43:12","guid":{"rendered":"https:\/\/maisoncleo.com\/?post_type=product&#038;p=391675"},"modified":"2025-09-21T18:42:11","modified_gmt":"2025-09-21T16:42:11","slug":"la-garnoule-blouse-en-coton-a-carreaux-rouge-et-marron-clair-avec-broderie-anglaise-copy","status":"publish","type":"product","link":"https:\/\/maisoncleo.com\/fr\/shop\/la-garnoule-blouse-en-coton-a-carreaux-rouge-et-marron-clair-avec-broderie-anglaise-copy\/","title":{"rendered":"LA GARNOULE &#8211; Robe babydoll Josepha en soie gaufr\u00e9e noire"},"content":{"rendered":"<p><span style=\"font-weight: 400;\">Robe en organza de soie noire textur\u00e9e et gaufr\u00e9e ce qui lui donne un c\u00f4t\u00e9 luxueux, lien \u00e0 nouer dans le dos du cou, manches courtes bouffantes. 100% soie. Doubl\u00e9e avec de l\u2019organza de soie noire. Longueur : 87 cm.<\/span><\/p>\n<p><span style=\"font-weight: 400;\">La mod\u00e8le mesure 1,75m et porte une taille 38.<\/span><\/p>\n<p><span style=\"font-weight: 400;\">Comme tout est fabriqu\u00e9 \u00e0 la commande, vous pouvez demander la longueur que vous souhaitez.<\/span><\/p>\n<p>LOOK de notre collection automne hiver \u201cLA GARNOULE\u201d.<\/p>\n","protected":false},"excerpt":{"rendered":"<p>Robe en organza de soie noire textur\u00e9e et gaufr\u00e9e ce qui lui donne un c\u00f4t\u00e9 luxueux, lien \u00e0 nouer dans le dos&hellip;<\/p>\n","protected":false},"featured_media":391683,"template":"","meta":[],"product_brand":[],"product_cat":[668,664,661],"product_tag":[],"class_list":{"0":"post-391675","1":"product","2":"type-product","3":"status-publish","4":"has-post-thumbnail","6":"product_cat-capsule","7":"product_cat-robes","8":"product_cat-tout-voir","10":"first","11":"instock","12":"taxable","13":"shipping-taxable","14":"purchasable","15":"product-type-variable"},"_links":{"self":[{"href":"https:\/\/maisoncleo.com\/fr\/wp-json\/wp\/v2\/product\/391675","targetHints":{"allow":["GET"]}}],"collection":[{"href":"https:\/\/maisoncleo.com\/fr\/wp-json\/wp\/v2\/product"}],"about":[{"href":"https:\/\/maisoncleo.com\/fr\/wp-json\/wp\/v2\/types\/product"}],"version-history":[{"count":1,"href":"https:\/\/maisoncleo.com\/fr\/wp-json\/wp\/v2\/product\/391675\/revisions"}],"predecessor-version":[{"id":391697,"href":"https:\/\/maisoncleo.com\/fr\/wp-json\/wp\/v2\/product\/391675\/revisions\/391697"}],"wp:featuredmedia":[{"embeddable":true,"href":"https:\/\/maisoncleo.com\/fr\/wp-json\/wp\/v2\/media\/391683"}],"wp:attachment":[{"href":"https:\/\/maisoncleo.com\/fr\/wp-json\/wp\/v2\/media?parent=391675"}],"wp:term":[{"taxonomy":"product_brand","embeddable":true,"href":"https:\/\/maisoncleo.com\/fr\/wp-json\/wp\/v2\/product_brand?post=391675"},{"taxonomy":"product_cat","embeddable":true,"href":"https:\/\/maisoncleo.com\/fr\/wp-json\/wp\/v2\/product_cat?post=391675"},{"taxonomy":"product_tag","embeddable":true,"href":"https:\/\/maisoncleo.com\/fr\/wp-json\/wp\/v2\/product_tag?post=391675"}],"curies":[{"name":"wp","href":"https:\/\/api.w.org\/{rel}","templated":true}]}}