{"id":391409,"date":"2025-09-21T13:49:34","date_gmt":"2025-09-21T11:49:34","guid":{"rendered":"https:\/\/maisoncleo.com\/?post_type=product&#038;p=391409"},"modified":"2025-09-21T18:39:53","modified_gmt":"2025-09-21T16:39:53","slug":"la-garnoule-blouse-gloria-en-soie-blanche-texturee-et-reliefee-copy-2","status":"publish","type":"product","link":"https:\/\/maisoncleo.com\/fr\/shop\/la-garnoule-blouse-gloria-en-soie-blanche-texturee-et-reliefee-copy-2\/","title":{"rendered":"LA GARNOULE &#8211; Robe trap\u00e8ze en laine orange automnal"},"content":{"rendered":"<p><span style=\"font-weight: 400;\">Robe en laine coupe trap\u00e8ze, fermeture par de large boutons marrons sur le devant, poches c\u00f4t\u00e9 arrondies, d\u00e9collet\u00e9 en carr\u00e9. La robe 70\u2019s! Vous pouvez la porter telle quelle ou en enfilant votre sweat col roul\u00e9 favori par dessous. Longueur : 76 cm.<\/span><\/p>\n<p><span style=\"font-weight: 400;\">La mod\u00e8le mesure 1,75m et porte une taille 38.<\/span><\/p>\n<p><span style=\"font-weight: 400;\">Comme tout est fabriqu\u00e9 \u00e0 la commande, vous pouvez demander la longueur que vous souhaitez.<\/span><\/p>\n<p>LOOK de notre collection automne hiver \u201cLA GARNOULE\u201d.<\/p>\n","protected":false},"excerpt":{"rendered":"<p>Robe en laine coupe trap\u00e8ze, fermeture par de large boutons marrons sur le devant, poches c\u00f4t\u00e9 arrondies, d\u00e9collet\u00e9 en carr\u00e9. La robe&hellip;<\/p>\n","protected":false},"featured_media":391423,"template":"","meta":[],"product_brand":[],"product_cat":[668,664,661],"product_tag":[],"class_list":{"0":"post-391409","1":"product","2":"type-product","3":"status-publish","4":"has-post-thumbnail","6":"product_cat-capsule","7":"product_cat-robes","8":"product_cat-tout-voir","10":"first","11":"instock","12":"taxable","13":"shipping-taxable","14":"purchasable","15":"product-type-variable"},"_links":{"self":[{"href":"https:\/\/maisoncleo.com\/fr\/wp-json\/wp\/v2\/product\/391409","targetHints":{"allow":["GET"]}}],"collection":[{"href":"https:\/\/maisoncleo.com\/fr\/wp-json\/wp\/v2\/product"}],"about":[{"href":"https:\/\/maisoncleo.com\/fr\/wp-json\/wp\/v2\/types\/product"}],"version-history":[{"count":1,"href":"https:\/\/maisoncleo.com\/fr\/wp-json\/wp\/v2\/product\/391409\/revisions"}],"predecessor-version":[{"id":391431,"href":"https:\/\/maisoncleo.com\/fr\/wp-json\/wp\/v2\/product\/391409\/revisions\/391431"}],"wp:featuredmedia":[{"embeddable":true,"href":"https:\/\/maisoncleo.com\/fr\/wp-json\/wp\/v2\/media\/391423"}],"wp:attachment":[{"href":"https:\/\/maisoncleo.com\/fr\/wp-json\/wp\/v2\/media?parent=391409"}],"wp:term":[{"taxonomy":"product_brand","embeddable":true,"href":"https:\/\/maisoncleo.com\/fr\/wp-json\/wp\/v2\/product_brand?post=391409"},{"taxonomy":"product_cat","embeddable":true,"href":"https:\/\/maisoncleo.com\/fr\/wp-json\/wp\/v2\/product_cat?post=391409"},{"taxonomy":"product_tag","embeddable":true,"href":"https:\/\/maisoncleo.com\/fr\/wp-json\/wp\/v2\/product_tag?post=391409"}],"curies":[{"name":"wp","href":"https:\/\/api.w.org\/{rel}","templated":true}]}}