{"id":391257,"date":"2025-09-21T13:25:54","date_gmt":"2025-09-21T11:25:54","guid":{"rendered":"https:\/\/maisoncleo.com\/?post_type=product&#038;p=391257"},"modified":"2025-09-25T09:06:50","modified_gmt":"2025-09-25T07:06:50","slug":"robe-louise-en-tweed-de-coton-et-laine-blanc-casse-volantee-copy","status":"publish","type":"product","link":"https:\/\/maisoncleo.com\/fr\/shop\/robe-louise-en-tweed-de-coton-et-laine-blanc-casse-volantee-copy\/","title":{"rendered":"LA GARNOULE &#8211; Jupe Manuela en tweed textur\u00e9 blanc cass\u00e9 longue sir\u00e8ne"},"content":{"rendered":"<p><span style=\"font-weight: 400;\">Jupe longue t<\/span><span style=\"font-weight: 400;\">weed textur\u00e9 blanc cass\u00e9, coupe<\/span><span style=\"font-weight: 400;\"> sir\u00e8ne, fente dans le dos, taille haute. <\/span><span style=\"font-weight: 400;\">Et nous cr\u00e9ons des petites franges dans le tissu dans le bas de la blouse (possible de ne pas les faire si vous le souhaitez). Tissu provenant d\u2019une maison de Haute-Couture fran\u00e7aise. Longueur : 88 cm.<\/span><\/p>\n<p><span style=\"font-weight: 400;\">La mod\u00e8le mesure 1,75m et porte une taille 38.<\/span><\/p>\n<p><span style=\"font-weight: 400;\">Comme tout est fabriqu\u00e9 \u00e0 la commande, vous pouvez demander la longueur que vous souhaitez.<\/span><\/p>\n<p>LOOK de notre collection automne hiver \u201cLA GARNOULE\u201d.<\/p>\n","protected":false},"excerpt":{"rendered":"<p>Jupe longue tweed textur\u00e9 blanc cass\u00e9, coupe sir\u00e8ne, fente dans le dos, taille haute. Et nous cr\u00e9ons des petites franges dans le&hellip;<\/p>\n","protected":false},"featured_media":391273,"template":"","meta":[],"product_brand":[],"product_cat":[672,958,668,661],"product_tag":[],"class_list":{"0":"post-391257","1":"product","2":"type-product","3":"status-publish","4":"has-post-thumbnail","6":"product_cat-jupes","7":"product_cat-mariage-selection","8":"product_cat-capsule","9":"product_cat-tout-voir","11":"first","12":"instock","13":"taxable","14":"shipping-taxable","15":"purchasable","16":"product-type-variable"},"_links":{"self":[{"href":"https:\/\/maisoncleo.com\/fr\/wp-json\/wp\/v2\/product\/391257","targetHints":{"allow":["GET"]}}],"collection":[{"href":"https:\/\/maisoncleo.com\/fr\/wp-json\/wp\/v2\/product"}],"about":[{"href":"https:\/\/maisoncleo.com\/fr\/wp-json\/wp\/v2\/types\/product"}],"version-history":[{"count":1,"href":"https:\/\/maisoncleo.com\/fr\/wp-json\/wp\/v2\/product\/391257\/revisions"}],"predecessor-version":[{"id":391287,"href":"https:\/\/maisoncleo.com\/fr\/wp-json\/wp\/v2\/product\/391257\/revisions\/391287"}],"wp:featuredmedia":[{"embeddable":true,"href":"https:\/\/maisoncleo.com\/fr\/wp-json\/wp\/v2\/media\/391273"}],"wp:attachment":[{"href":"https:\/\/maisoncleo.com\/fr\/wp-json\/wp\/v2\/media?parent=391257"}],"wp:term":[{"taxonomy":"product_brand","embeddable":true,"href":"https:\/\/maisoncleo.com\/fr\/wp-json\/wp\/v2\/product_brand?post=391257"},{"taxonomy":"product_cat","embeddable":true,"href":"https:\/\/maisoncleo.com\/fr\/wp-json\/wp\/v2\/product_cat?post=391257"},{"taxonomy":"product_tag","embeddable":true,"href":"https:\/\/maisoncleo.com\/fr\/wp-json\/wp\/v2\/product_tag?post=391257"}],"curies":[{"name":"wp","href":"https:\/\/api.w.org\/{rel}","templated":true}]}}