{"id":391223,"date":"2025-09-21T13:20:48","date_gmt":"2025-09-21T11:20:48","guid":{"rendered":"https:\/\/maisoncleo.com\/?post_type=product&#038;p=391223"},"modified":"2025-09-21T18:38:32","modified_gmt":"2025-09-21T16:38:32","slug":"la-badoule-look-13-robe-louise-en-soie-et-coton-blanc-casse-volantee-copy","status":"publish","type":"product","link":"https:\/\/maisoncleo.com\/fr\/shop\/la-badoule-look-13-robe-louise-en-soie-et-coton-blanc-casse-volantee-copy\/","title":{"rendered":"LA GARNOULE &#8211; Robe Louise en tweed de coton et laine blanc cass\u00e9 volant\u00e9e"},"content":{"rendered":"<p><span style=\"font-weight: 400;\">Robe en tweed de coton et laine blanc cass\u00e9 volant\u00e9e, coupe droite, volants sur le bas de la robe, fermeture \u00e9clair invisible milieu dos. Et nous cr\u00e9ons des petites franges dans le tissu sur les volants du bas (possible de ne pas les faire si vous le souhaitez). Tissu provenant d\u2019une maison de Haute-Couture fran\u00e7aise.<\/span><\/p>\n<p><span style=\"font-weight: 400;\">La robe chou \u00e0 la cr\u00e8me! Longueur : 79 cm<\/span><\/p>\n<p><span style=\"font-weight: 400;\">La mod\u00e8le mesure 1,75m et porte une taille 38.<\/span><\/p>\n<p><span style=\"font-weight: 400;\">Comme tout est fabriqu\u00e9 \u00e0 la commande, vous pouvez demander la longueur que vous souhaitez.<\/span><br style=\"font-weight: 400;\" \/><br style=\"font-weight: 400;\" \/>LOOK de notre collection automne hiver \u201cLA GARNOULE\u201d.<\/p>\n","protected":false},"excerpt":{"rendered":"<p>Robe en tweed de coton et laine blanc cass\u00e9 volant\u00e9e, coupe droite, volants sur le bas de la robe, fermeture \u00e9clair invisible&hellip;<\/p>\n","protected":false},"featured_media":391235,"template":"","meta":[],"product_brand":[],"product_cat":[958,668,664,661],"product_tag":[],"class_list":{"0":"post-391223","1":"product","2":"type-product","3":"status-publish","4":"has-post-thumbnail","6":"product_cat-mariage-selection","7":"product_cat-capsule","8":"product_cat-robes","9":"product_cat-tout-voir","11":"first","12":"instock","13":"taxable","14":"shipping-taxable","15":"purchasable","16":"product-type-variable"},"_links":{"self":[{"href":"https:\/\/maisoncleo.com\/fr\/wp-json\/wp\/v2\/product\/391223","targetHints":{"allow":["GET"]}}],"collection":[{"href":"https:\/\/maisoncleo.com\/fr\/wp-json\/wp\/v2\/product"}],"about":[{"href":"https:\/\/maisoncleo.com\/fr\/wp-json\/wp\/v2\/types\/product"}],"version-history":[{"count":2,"href":"https:\/\/maisoncleo.com\/fr\/wp-json\/wp\/v2\/product\/391223\/revisions"}],"predecessor-version":[{"id":391288,"href":"https:\/\/maisoncleo.com\/fr\/wp-json\/wp\/v2\/product\/391223\/revisions\/391288"}],"wp:featuredmedia":[{"embeddable":true,"href":"https:\/\/maisoncleo.com\/fr\/wp-json\/wp\/v2\/media\/391235"}],"wp:attachment":[{"href":"https:\/\/maisoncleo.com\/fr\/wp-json\/wp\/v2\/media?parent=391223"}],"wp:term":[{"taxonomy":"product_brand","embeddable":true,"href":"https:\/\/maisoncleo.com\/fr\/wp-json\/wp\/v2\/product_brand?post=391223"},{"taxonomy":"product_cat","embeddable":true,"href":"https:\/\/maisoncleo.com\/fr\/wp-json\/wp\/v2\/product_cat?post=391223"},{"taxonomy":"product_tag","embeddable":true,"href":"https:\/\/maisoncleo.com\/fr\/wp-json\/wp\/v2\/product_tag?post=391223"}],"curies":[{"name":"wp","href":"https:\/\/api.w.org\/{rel}","templated":true}]}}