{"id":390876,"date":"2025-08-08T17:24:16","date_gmt":"2025-08-08T15:24:16","guid":{"rendered":"https:\/\/maisoncleo.com\/?post_type=product&#038;p=390876"},"modified":"2025-08-29T17:26:29","modified_gmt":"2025-08-29T15:26:29","slug":"vente-speciale-archive-summer-jupe-bleu-turquoise-tricotee-avec-bas-volante-copy","status":"publish","type":"product","link":"https:\/\/maisoncleo.com\/fr\/shop\/vente-speciale-archive-summer-jupe-bleu-turquoise-tricotee-avec-bas-volante-copy\/","title":{"rendered":"VENTE SPECIALE ARCHIVE SUMMER &#8211; Top asym\u00e9trique bleu turquoise tricot\u00e9e avec bas volant\u00e9"},"content":{"rendered":"<p>Top asym\u00e9trique bleu turquoise tricot\u00e9e avec bas volant\u00e9, 100% coton organique.<\/p>\n<p>Tricot\u00e9 dans notre atelier.<\/p>\n","protected":false},"excerpt":{"rendered":"<p>Top asym\u00e9trique bleu turquoise tricot\u00e9e avec bas volant\u00e9, 100% coton organique. Tricot\u00e9 dans notre atelier.<\/p>\n","protected":false},"featured_media":390867,"template":"","meta":[],"product_brand":[],"product_cat":[913],"product_tag":[],"class_list":{"0":"post-390876","1":"product","2":"type-product","3":"status-publish","4":"has-post-thumbnail","6":"product_cat-ready-to-ship","8":"first","9":"outofstock","10":"taxable","11":"shipping-taxable","12":"purchasable","13":"product-type-variable"},"_links":{"self":[{"href":"https:\/\/maisoncleo.com\/fr\/wp-json\/wp\/v2\/product\/390876","targetHints":{"allow":["GET"]}}],"collection":[{"href":"https:\/\/maisoncleo.com\/fr\/wp-json\/wp\/v2\/product"}],"about":[{"href":"https:\/\/maisoncleo.com\/fr\/wp-json\/wp\/v2\/types\/product"}],"version-history":[{"count":2,"href":"https:\/\/maisoncleo.com\/fr\/wp-json\/wp\/v2\/product\/390876\/revisions"}],"predecessor-version":[{"id":390881,"href":"https:\/\/maisoncleo.com\/fr\/wp-json\/wp\/v2\/product\/390876\/revisions\/390881"}],"wp:featuredmedia":[{"embeddable":true,"href":"https:\/\/maisoncleo.com\/fr\/wp-json\/wp\/v2\/media\/390867"}],"wp:attachment":[{"href":"https:\/\/maisoncleo.com\/fr\/wp-json\/wp\/v2\/media?parent=390876"}],"wp:term":[{"taxonomy":"product_brand","embeddable":true,"href":"https:\/\/maisoncleo.com\/fr\/wp-json\/wp\/v2\/product_brand?post=390876"},{"taxonomy":"product_cat","embeddable":true,"href":"https:\/\/maisoncleo.com\/fr\/wp-json\/wp\/v2\/product_cat?post=390876"},{"taxonomy":"product_tag","embeddable":true,"href":"https:\/\/maisoncleo.com\/fr\/wp-json\/wp\/v2\/product_tag?post=390876"}],"curies":[{"name":"wp","href":"https:\/\/api.w.org\/{rel}","templated":true}]}}