{"id":390856,"date":"2025-08-08T17:19:51","date_gmt":"2025-08-08T15:19:51","guid":{"rendered":"https:\/\/maisoncleo.com\/?post_type=product&#038;p=390856"},"modified":"2025-08-29T17:23:46","modified_gmt":"2025-08-29T15:23:46","slug":"vente-speciale-archive-summer-robe-bleu-ciel-tricotee-en-coton-avec-detail-coeur-bleu-decollete-copy","status":"publish","type":"product","link":"https:\/\/maisoncleo.com\/fr\/shop\/vente-speciale-archive-summer-robe-bleu-ciel-tricotee-en-coton-avec-detail-coeur-bleu-decollete-copy\/","title":{"rendered":"VENTE SPECIALE ARCHIVE SUMMER &#8211; Jupe bleu turquoise tricot\u00e9e avec bas volant\u00e9"},"content":{"rendered":"<p>Jupe bleu turquoise tricot\u00e9e avec bas volant\u00e9, 100% coton organique.<\/p>\n<p>Tricot\u00e9 dans notre atelier.<\/p>\n","protected":false},"excerpt":{"rendered":"<p>Jupe bleu turquoise tricot\u00e9e avec bas volant\u00e9, 100% coton organique. Tricot\u00e9 dans notre atelier.<\/p>\n","protected":false},"featured_media":390859,"template":"","meta":[],"product_brand":[],"product_cat":[913],"product_tag":[],"class_list":{"0":"post-390856","1":"product","2":"type-product","3":"status-publish","4":"has-post-thumbnail","6":"product_cat-ready-to-ship","8":"first","9":"instock","10":"taxable","11":"shipping-taxable","12":"purchasable","13":"product-type-variable"},"_links":{"self":[{"href":"https:\/\/maisoncleo.com\/fr\/wp-json\/wp\/v2\/product\/390856","targetHints":{"allow":["GET"]}}],"collection":[{"href":"https:\/\/maisoncleo.com\/fr\/wp-json\/wp\/v2\/product"}],"about":[{"href":"https:\/\/maisoncleo.com\/fr\/wp-json\/wp\/v2\/types\/product"}],"version-history":[{"count":2,"href":"https:\/\/maisoncleo.com\/fr\/wp-json\/wp\/v2\/product\/390856\/revisions"}],"predecessor-version":[{"id":390873,"href":"https:\/\/maisoncleo.com\/fr\/wp-json\/wp\/v2\/product\/390856\/revisions\/390873"}],"wp:featuredmedia":[{"embeddable":true,"href":"https:\/\/maisoncleo.com\/fr\/wp-json\/wp\/v2\/media\/390859"}],"wp:attachment":[{"href":"https:\/\/maisoncleo.com\/fr\/wp-json\/wp\/v2\/media?parent=390856"}],"wp:term":[{"taxonomy":"product_brand","embeddable":true,"href":"https:\/\/maisoncleo.com\/fr\/wp-json\/wp\/v2\/product_brand?post=390856"},{"taxonomy":"product_cat","embeddable":true,"href":"https:\/\/maisoncleo.com\/fr\/wp-json\/wp\/v2\/product_cat?post=390856"},{"taxonomy":"product_tag","embeddable":true,"href":"https:\/\/maisoncleo.com\/fr\/wp-json\/wp\/v2\/product_tag?post=390856"}],"curies":[{"name":"wp","href":"https:\/\/api.w.org\/{rel}","templated":true}]}}