{"id":390803,"date":"2025-08-08T17:05:06","date_gmt":"2025-08-08T15:05:06","guid":{"rendered":"https:\/\/maisoncleo.com\/?post_type=product&#038;p=390803"},"modified":"2025-08-29T17:10:49","modified_gmt":"2025-08-29T15:10:49","slug":"vente-speciale-archive-summer-robe-tricotee-en-coton-ecru-avec-motifs-fleurs-et-boutons-fleurs-noix-de-coco-copy","status":"publish","type":"product","link":"https:\/\/maisoncleo.com\/fr\/shop\/vente-speciale-archive-summer-robe-tricotee-en-coton-ecru-avec-motifs-fleurs-et-boutons-fleurs-noix-de-coco-copy\/","title":{"rendered":"VENTE SPECIALE ARCHIVE SUMMER &#8211; Jupe tricot\u00e9e en coton noir ouvertures c\u00f4t\u00e9s"},"content":{"rendered":"<p>Jupe tricot\u00e9e en coton noir ouvertures c\u00f4t\u00e9s, 100% coton organique.<\/p>\n<p>Tricot\u00e9 dans notre atelier.<\/p>\n","protected":false},"excerpt":{"rendered":"<p>Jupe tricot\u00e9e en coton noir ouvertures c\u00f4t\u00e9s, 100% coton organique. Tricot\u00e9 dans notre atelier.<\/p>\n","protected":false},"featured_media":390810,"template":"","meta":[],"product_brand":[],"product_cat":[913],"product_tag":[],"class_list":{"0":"post-390803","1":"product","2":"type-product","3":"status-publish","4":"has-post-thumbnail","6":"product_cat-ready-to-ship","8":"first","9":"outofstock","10":"taxable","11":"shipping-taxable","12":"purchasable","13":"product-type-variable"},"_links":{"self":[{"href":"https:\/\/maisoncleo.com\/fr\/wp-json\/wp\/v2\/product\/390803","targetHints":{"allow":["GET"]}}],"collection":[{"href":"https:\/\/maisoncleo.com\/fr\/wp-json\/wp\/v2\/product"}],"about":[{"href":"https:\/\/maisoncleo.com\/fr\/wp-json\/wp\/v2\/types\/product"}],"version-history":[{"count":2,"href":"https:\/\/maisoncleo.com\/fr\/wp-json\/wp\/v2\/product\/390803\/revisions"}],"predecessor-version":[{"id":390822,"href":"https:\/\/maisoncleo.com\/fr\/wp-json\/wp\/v2\/product\/390803\/revisions\/390822"}],"wp:featuredmedia":[{"embeddable":true,"href":"https:\/\/maisoncleo.com\/fr\/wp-json\/wp\/v2\/media\/390810"}],"wp:attachment":[{"href":"https:\/\/maisoncleo.com\/fr\/wp-json\/wp\/v2\/media?parent=390803"}],"wp:term":[{"taxonomy":"product_brand","embeddable":true,"href":"https:\/\/maisoncleo.com\/fr\/wp-json\/wp\/v2\/product_brand?post=390803"},{"taxonomy":"product_cat","embeddable":true,"href":"https:\/\/maisoncleo.com\/fr\/wp-json\/wp\/v2\/product_cat?post=390803"},{"taxonomy":"product_tag","embeddable":true,"href":"https:\/\/maisoncleo.com\/fr\/wp-json\/wp\/v2\/product_tag?post=390803"}],"curies":[{"name":"wp","href":"https:\/\/api.w.org\/{rel}","templated":true}]}}