{"id":390577,"date":"2025-08-08T15:35:47","date_gmt":"2025-08-08T13:35:47","guid":{"rendered":"https:\/\/maisoncleo.com\/?post_type=product&#038;p=390577"},"modified":"2025-08-29T15:41:23","modified_gmt":"2025-08-29T13:41:23","slug":"vente-speciale-archive-summer-bustier-ajoure-tricote-en-coton-vert-kiwi-copy","status":"publish","type":"product","link":"https:\/\/maisoncleo.com\/fr\/shop\/vente-speciale-archive-summer-bustier-ajoure-tricote-en-coton-vert-kiwi-copy\/","title":{"rendered":"VENTE SPECIALE ARCHIVE SUMMER &#8211; Mini jupe tricot\u00e9e en coton bleu clair fleurs ajour\u00e9es"},"content":{"rendered":"<p>Mini jupe tricot\u00e9e en coton bleu clair fleurs ajour\u00e9es, 100% coton organique.<\/p>\n<p>Tricot\u00e9 dans notre atelier.<\/p>\n","protected":false},"excerpt":{"rendered":"<p>Mini jupe tricot\u00e9e en coton bleu clair fleurs ajour\u00e9es, 100% coton organique. Tricot\u00e9 dans notre atelier.<\/p>\n","protected":false},"featured_media":390586,"template":"","meta":[],"product_brand":[],"product_cat":[913],"product_tag":[],"class_list":{"0":"post-390577","1":"product","2":"type-product","3":"status-publish","4":"has-post-thumbnail","6":"product_cat-ready-to-ship","8":"first","9":"instock","10":"taxable","11":"shipping-taxable","12":"purchasable","13":"product-type-variable"},"_links":{"self":[{"href":"https:\/\/maisoncleo.com\/fr\/wp-json\/wp\/v2\/product\/390577","targetHints":{"allow":["GET"]}}],"collection":[{"href":"https:\/\/maisoncleo.com\/fr\/wp-json\/wp\/v2\/product"}],"about":[{"href":"https:\/\/maisoncleo.com\/fr\/wp-json\/wp\/v2\/types\/product"}],"version-history":[{"count":2,"href":"https:\/\/maisoncleo.com\/fr\/wp-json\/wp\/v2\/product\/390577\/revisions"}],"predecessor-version":[{"id":390596,"href":"https:\/\/maisoncleo.com\/fr\/wp-json\/wp\/v2\/product\/390577\/revisions\/390596"}],"wp:featuredmedia":[{"embeddable":true,"href":"https:\/\/maisoncleo.com\/fr\/wp-json\/wp\/v2\/media\/390586"}],"wp:attachment":[{"href":"https:\/\/maisoncleo.com\/fr\/wp-json\/wp\/v2\/media?parent=390577"}],"wp:term":[{"taxonomy":"product_brand","embeddable":true,"href":"https:\/\/maisoncleo.com\/fr\/wp-json\/wp\/v2\/product_brand?post=390577"},{"taxonomy":"product_cat","embeddable":true,"href":"https:\/\/maisoncleo.com\/fr\/wp-json\/wp\/v2\/product_cat?post=390577"},{"taxonomy":"product_tag","embeddable":true,"href":"https:\/\/maisoncleo.com\/fr\/wp-json\/wp\/v2\/product_tag?post=390577"}],"curies":[{"name":"wp","href":"https:\/\/api.w.org\/{rel}","templated":true}]}}