{"id":390411,"date":"2025-08-08T14:45:59","date_gmt":"2025-08-08T12:45:59","guid":{"rendered":"https:\/\/maisoncleo.com\/?post_type=product&#038;p=390411"},"modified":"2025-08-29T14:48:10","modified_gmt":"2025-08-29T12:48:10","slug":"vente-speciale-archive-summer-mini-jupe-bleu-clair-avec-chaine-nombril-faux-piercing-copy","status":"publish","type":"product","link":"https:\/\/maisoncleo.com\/fr\/shop\/vente-speciale-archive-summer-mini-jupe-bleu-clair-avec-chaine-nombril-faux-piercing-copy\/","title":{"rendered":"VENTE SPECIALE ARCHIVE SUMMER &#8211; D\u00e9bardeur tricot\u00e9 en coton violet"},"content":{"rendered":"<p>D\u00e9bardeur tricot\u00e9 en coton violet, 100% coton organique.<\/p>\n<p>Tricot\u00e9 dans notre atelier.<\/p>\n","protected":false},"excerpt":{"rendered":"<p>D\u00e9bardeur tricot\u00e9 en coton violet, 100% coton organique. Tricot\u00e9 dans notre atelier.<\/p>\n","protected":false},"featured_media":390392,"template":"","meta":[],"product_brand":[],"product_cat":[913],"product_tag":[],"class_list":{"0":"post-390411","1":"product","2":"type-product","3":"status-publish","4":"has-post-thumbnail","6":"product_cat-ready-to-ship","8":"first","9":"instock","10":"taxable","11":"shipping-taxable","12":"purchasable","13":"product-type-variable"},"_links":{"self":[{"href":"https:\/\/maisoncleo.com\/fr\/wp-json\/wp\/v2\/product\/390411","targetHints":{"allow":["GET"]}}],"collection":[{"href":"https:\/\/maisoncleo.com\/fr\/wp-json\/wp\/v2\/product"}],"about":[{"href":"https:\/\/maisoncleo.com\/fr\/wp-json\/wp\/v2\/types\/product"}],"version-history":[{"count":2,"href":"https:\/\/maisoncleo.com\/fr\/wp-json\/wp\/v2\/product\/390411\/revisions"}],"predecessor-version":[{"id":390416,"href":"https:\/\/maisoncleo.com\/fr\/wp-json\/wp\/v2\/product\/390411\/revisions\/390416"}],"wp:featuredmedia":[{"embeddable":true,"href":"https:\/\/maisoncleo.com\/fr\/wp-json\/wp\/v2\/media\/390392"}],"wp:attachment":[{"href":"https:\/\/maisoncleo.com\/fr\/wp-json\/wp\/v2\/media?parent=390411"}],"wp:term":[{"taxonomy":"product_brand","embeddable":true,"href":"https:\/\/maisoncleo.com\/fr\/wp-json\/wp\/v2\/product_brand?post=390411"},{"taxonomy":"product_cat","embeddable":true,"href":"https:\/\/maisoncleo.com\/fr\/wp-json\/wp\/v2\/product_cat?post=390411"},{"taxonomy":"product_tag","embeddable":true,"href":"https:\/\/maisoncleo.com\/fr\/wp-json\/wp\/v2\/product_tag?post=390411"}],"curies":[{"name":"wp","href":"https:\/\/api.w.org\/{rel}","templated":true}]}}