{"id":390309,"date":"2025-08-08T14:07:55","date_gmt":"2025-08-08T12:07:55","guid":{"rendered":"https:\/\/maisoncleo.com\/?post_type=product&#038;p=390309"},"modified":"2025-08-29T14:12:18","modified_gmt":"2025-08-29T12:12:18","slug":"vente-speciale-archive-summer-gilet-jaune-tricote-en-coton-boutonne-copy","status":"publish","type":"product","link":"https:\/\/maisoncleo.com\/fr\/shop\/vente-speciale-archive-summer-gilet-jaune-tricote-en-coton-boutonne-copy\/","title":{"rendered":"VENTE SPECIALE ARCHIVE SUMMER &#8211; Gilet violet tricot\u00e9 en coton boutonn\u00e9"},"content":{"rendered":"<p>Gilet violet tricot\u00e9 en coton boutonn\u00e9, bouton grav\u00e9 \u00ab\u00a0MaisonCl\u00e9o\u00a0\u00bb ton sur ton fabriqu\u00e9 en France, 100% coton organique.<\/p>\n<p>Tricot\u00e9 dans notre atelier.<\/p>\n","protected":false},"excerpt":{"rendered":"<p>Gilet violet tricot\u00e9 en coton boutonn\u00e9, bouton grav\u00e9 \u00ab\u00a0MaisonCl\u00e9o\u00a0\u00bb ton sur ton fabriqu\u00e9 en France, 100% coton organique. Tricot\u00e9 dans notre atelier.<\/p>\n","protected":false},"featured_media":390318,"template":"","meta":[],"product_brand":[],"product_cat":[913],"product_tag":[],"class_list":{"0":"post-390309","1":"product","2":"type-product","3":"status-publish","4":"has-post-thumbnail","6":"product_cat-ready-to-ship","8":"first","9":"outofstock","10":"taxable","11":"shipping-taxable","12":"purchasable","13":"product-type-variable"},"_links":{"self":[{"href":"https:\/\/maisoncleo.com\/fr\/wp-json\/wp\/v2\/product\/390309","targetHints":{"allow":["GET"]}}],"collection":[{"href":"https:\/\/maisoncleo.com\/fr\/wp-json\/wp\/v2\/product"}],"about":[{"href":"https:\/\/maisoncleo.com\/fr\/wp-json\/wp\/v2\/types\/product"}],"version-history":[{"count":2,"href":"https:\/\/maisoncleo.com\/fr\/wp-json\/wp\/v2\/product\/390309\/revisions"}],"predecessor-version":[{"id":390324,"href":"https:\/\/maisoncleo.com\/fr\/wp-json\/wp\/v2\/product\/390309\/revisions\/390324"}],"wp:featuredmedia":[{"embeddable":true,"href":"https:\/\/maisoncleo.com\/fr\/wp-json\/wp\/v2\/media\/390318"}],"wp:attachment":[{"href":"https:\/\/maisoncleo.com\/fr\/wp-json\/wp\/v2\/media?parent=390309"}],"wp:term":[{"taxonomy":"product_brand","embeddable":true,"href":"https:\/\/maisoncleo.com\/fr\/wp-json\/wp\/v2\/product_brand?post=390309"},{"taxonomy":"product_cat","embeddable":true,"href":"https:\/\/maisoncleo.com\/fr\/wp-json\/wp\/v2\/product_cat?post=390309"},{"taxonomy":"product_tag","embeddable":true,"href":"https:\/\/maisoncleo.com\/fr\/wp-json\/wp\/v2\/product_tag?post=390309"}],"curies":[{"name":"wp","href":"https:\/\/api.w.org\/{rel}","templated":true}]}}