{"id":390237,"date":"2025-08-08T13:29:46","date_gmt":"2025-08-08T11:29:46","guid":{"rendered":"https:\/\/maisoncleo.com\/?post_type=product&#038;p=390237"},"modified":"2025-08-29T13:32:22","modified_gmt":"2025-08-29T11:32:22","slug":"vente-speciale-archive-summer-pantalon-tricote-en-coton-bleu-turquoise-copy","status":"publish","type":"product","link":"https:\/\/maisoncleo.com\/fr\/shop\/vente-speciale-archive-summer-pantalon-tricote-en-coton-bleu-turquoise-copy\/","title":{"rendered":"VENTE SPECIALE ARCHIVE SUMMER &#8211; Top tricot\u00e9 en coton bleu turquoise avec ouvertures"},"content":{"rendered":"<p>Top tricot\u00e9 en coton bleu turquoise avec ouvertures, bijoux argent\u00e9s \u00ab\u00a0MC=MaisonCl\u00e9o\u00a0\u00bb cha\u00eene sur les c\u00f4t\u00e9s, 100% coton organique.<\/p>\n<p>Tricot\u00e9 dans notre atelier.<\/p>\n","protected":false},"excerpt":{"rendered":"<p>Top tricot\u00e9 en coton bleu turquoise avec ouvertures, bijoux argent\u00e9s \u00ab\u00a0MC=MaisonCl\u00e9o\u00a0\u00bb cha\u00eene sur les c\u00f4t\u00e9s, 100% coton organique. Tricot\u00e9 dans notre atelier.<\/p>\n","protected":false},"featured_media":390224,"template":"","meta":[],"product_brand":[],"product_cat":[913],"product_tag":[],"class_list":{"0":"post-390237","1":"product","2":"type-product","3":"status-publish","4":"has-post-thumbnail","6":"product_cat-ready-to-ship","8":"first","9":"instock","10":"taxable","11":"shipping-taxable","12":"purchasable","13":"product-type-variable"},"_links":{"self":[{"href":"https:\/\/maisoncleo.com\/fr\/wp-json\/wp\/v2\/product\/390237","targetHints":{"allow":["GET"]}}],"collection":[{"href":"https:\/\/maisoncleo.com\/fr\/wp-json\/wp\/v2\/product"}],"about":[{"href":"https:\/\/maisoncleo.com\/fr\/wp-json\/wp\/v2\/types\/product"}],"version-history":[{"count":2,"href":"https:\/\/maisoncleo.com\/fr\/wp-json\/wp\/v2\/product\/390237\/revisions"}],"predecessor-version":[{"id":390242,"href":"https:\/\/maisoncleo.com\/fr\/wp-json\/wp\/v2\/product\/390237\/revisions\/390242"}],"wp:featuredmedia":[{"embeddable":true,"href":"https:\/\/maisoncleo.com\/fr\/wp-json\/wp\/v2\/media\/390224"}],"wp:attachment":[{"href":"https:\/\/maisoncleo.com\/fr\/wp-json\/wp\/v2\/media?parent=390237"}],"wp:term":[{"taxonomy":"product_brand","embeddable":true,"href":"https:\/\/maisoncleo.com\/fr\/wp-json\/wp\/v2\/product_brand?post=390237"},{"taxonomy":"product_cat","embeddable":true,"href":"https:\/\/maisoncleo.com\/fr\/wp-json\/wp\/v2\/product_cat?post=390237"},{"taxonomy":"product_tag","embeddable":true,"href":"https:\/\/maisoncleo.com\/fr\/wp-json\/wp\/v2\/product_tag?post=390237"}],"curies":[{"name":"wp","href":"https:\/\/api.w.org\/{rel}","templated":true}]}}