{"id":390219,"date":"2025-08-08T13:17:35","date_gmt":"2025-08-08T11:17:35","guid":{"rendered":"https:\/\/maisoncleo.com\/?post_type=product&#038;p=390219"},"modified":"2025-08-29T13:29:14","modified_gmt":"2025-08-29T11:29:14","slug":"vente-speciale-archive-summer-pantalon-corsaire-en-coton-noir-copy","status":"publish","type":"product","link":"https:\/\/maisoncleo.com\/fr\/shop\/vente-speciale-archive-summer-pantalon-corsaire-en-coton-noir-copy\/","title":{"rendered":"VENTE SPECIALE ARCHIVE SUMMER &#8211; Pantalon tricot\u00e9 en coton bleu turquoise"},"content":{"rendered":"<p>Pantalon tricot\u00e9 en coton bleu turquoise, ouvertures sur la taille, taille \u00e9lastiqu\u00e9e, 100% coton organique.<\/p>\n<p>Tricot\u00e9 dans notre atelier.<\/p>\n","protected":false},"excerpt":{"rendered":"<p>Pantalon tricot\u00e9 en coton bleu turquoise, ouvertures sur la taille, taille \u00e9lastiqu\u00e9e, 100% coton organique. Tricot\u00e9 dans notre atelier.<\/p>\n","protected":false},"featured_media":390228,"template":"","meta":[],"product_brand":[],"product_cat":[913],"product_tag":[],"class_list":{"0":"post-390219","1":"product","2":"type-product","3":"status-publish","4":"has-post-thumbnail","6":"product_cat-ready-to-ship","8":"first","9":"outofstock","10":"taxable","11":"shipping-taxable","12":"purchasable","13":"product-type-variable"},"_links":{"self":[{"href":"https:\/\/maisoncleo.com\/fr\/wp-json\/wp\/v2\/product\/390219","targetHints":{"allow":["GET"]}}],"collection":[{"href":"https:\/\/maisoncleo.com\/fr\/wp-json\/wp\/v2\/product"}],"about":[{"href":"https:\/\/maisoncleo.com\/fr\/wp-json\/wp\/v2\/types\/product"}],"version-history":[{"count":2,"href":"https:\/\/maisoncleo.com\/fr\/wp-json\/wp\/v2\/product\/390219\/revisions"}],"predecessor-version":[{"id":390234,"href":"https:\/\/maisoncleo.com\/fr\/wp-json\/wp\/v2\/product\/390219\/revisions\/390234"}],"wp:featuredmedia":[{"embeddable":true,"href":"https:\/\/maisoncleo.com\/fr\/wp-json\/wp\/v2\/media\/390228"}],"wp:attachment":[{"href":"https:\/\/maisoncleo.com\/fr\/wp-json\/wp\/v2\/media?parent=390219"}],"wp:term":[{"taxonomy":"product_brand","embeddable":true,"href":"https:\/\/maisoncleo.com\/fr\/wp-json\/wp\/v2\/product_brand?post=390219"},{"taxonomy":"product_cat","embeddable":true,"href":"https:\/\/maisoncleo.com\/fr\/wp-json\/wp\/v2\/product_cat?post=390219"},{"taxonomy":"product_tag","embeddable":true,"href":"https:\/\/maisoncleo.com\/fr\/wp-json\/wp\/v2\/product_tag?post=390219"}],"curies":[{"name":"wp","href":"https:\/\/api.w.org\/{rel}","templated":true}]}}