{"id":390189,"date":"2025-08-08T13:08:58","date_gmt":"2025-08-08T11:08:58","guid":{"rendered":"https:\/\/maisoncleo.com\/?post_type=product&#038;p=390189"},"modified":"2025-08-29T13:16:49","modified_gmt":"2025-08-29T11:16:49","slug":"vente-speciale-archive-summer-top-tricote-ouvertures-rondes-en-coton-noir-copy","status":"publish","type":"product","link":"https:\/\/maisoncleo.com\/fr\/shop\/vente-speciale-archive-summer-top-tricote-ouvertures-rondes-en-coton-noir-copy\/","title":{"rendered":"VENTE SPECIALE ARCHIVE SUMMER &#8211; Top tricot\u00e9 ouvertures assym\u00e9trique en coton noir"},"content":{"rendered":"<p>Top tricot\u00e9 ouvertures assym\u00e9trique en coton noir, 100% coton organique.<\/p>\n<p>Tricot\u00e9 dans notre atelier.<\/p>\n","protected":false},"excerpt":{"rendered":"<p>Top tricot\u00e9 ouvertures assym\u00e9trique en coton noir, 100% coton organique. Tricot\u00e9 dans notre atelier.<\/p>\n","protected":false},"featured_media":390206,"template":"","meta":[],"product_brand":[],"product_cat":[913],"product_tag":[],"class_list":{"0":"post-390189","1":"product","2":"type-product","3":"status-publish","4":"has-post-thumbnail","6":"product_cat-ready-to-ship","8":"first","9":"outofstock","10":"taxable","11":"shipping-taxable","12":"purchasable","13":"product-type-variable"},"_links":{"self":[{"href":"https:\/\/maisoncleo.com\/fr\/wp-json\/wp\/v2\/product\/390189","targetHints":{"allow":["GET"]}}],"collection":[{"href":"https:\/\/maisoncleo.com\/fr\/wp-json\/wp\/v2\/product"}],"about":[{"href":"https:\/\/maisoncleo.com\/fr\/wp-json\/wp\/v2\/types\/product"}],"version-history":[{"count":2,"href":"https:\/\/maisoncleo.com\/fr\/wp-json\/wp\/v2\/product\/390189\/revisions"}],"predecessor-version":[{"id":390216,"href":"https:\/\/maisoncleo.com\/fr\/wp-json\/wp\/v2\/product\/390189\/revisions\/390216"}],"wp:featuredmedia":[{"embeddable":true,"href":"https:\/\/maisoncleo.com\/fr\/wp-json\/wp\/v2\/media\/390206"}],"wp:attachment":[{"href":"https:\/\/maisoncleo.com\/fr\/wp-json\/wp\/v2\/media?parent=390189"}],"wp:term":[{"taxonomy":"product_brand","embeddable":true,"href":"https:\/\/maisoncleo.com\/fr\/wp-json\/wp\/v2\/product_brand?post=390189"},{"taxonomy":"product_cat","embeddable":true,"href":"https:\/\/maisoncleo.com\/fr\/wp-json\/wp\/v2\/product_cat?post=390189"},{"taxonomy":"product_tag","embeddable":true,"href":"https:\/\/maisoncleo.com\/fr\/wp-json\/wp\/v2\/product_tag?post=390189"}],"curies":[{"name":"wp","href":"https:\/\/api.w.org\/{rel}","templated":true}]}}