{"id":390092,"date":"2025-08-08T11:29:54","date_gmt":"2025-08-08T09:29:54","guid":{"rendered":"https:\/\/maisoncleo.com\/?post_type=product&#038;p=390092"},"modified":"2025-08-29T12:32:01","modified_gmt":"2025-08-29T10:32:01","slug":"vente-speciale-archive-summer-bustier-tricote-en-coton-texture-copy","status":"publish","type":"product","link":"https:\/\/maisoncleo.com\/fr\/shop\/vente-speciale-archive-summer-bustier-tricote-en-coton-texture-copy\/","title":{"rendered":"VENTE SPECIALE ARCHIVE SUMMER &#8211; Mini short tricot\u00e9 en coton \u00e9cru"},"content":{"rendered":"<p>Mini short tricot\u00e9 en coton \u00e9cru 100% coton.<\/p>\n<p>Tricot\u00e9 dans notre atelier.<\/p>\n","protected":false},"excerpt":{"rendered":"<p>Mini short tricot\u00e9 en coton \u00e9cru 100% coton. Tricot\u00e9 dans notre atelier.<\/p>\n","protected":false},"featured_media":390099,"template":"","meta":[],"product_brand":[],"product_cat":[913],"product_tag":[],"class_list":{"0":"post-390092","1":"product","2":"type-product","3":"status-publish","4":"has-post-thumbnail","6":"product_cat-ready-to-ship","8":"first","9":"instock","10":"taxable","11":"shipping-taxable","12":"purchasable","13":"product-type-variable"},"_links":{"self":[{"href":"https:\/\/maisoncleo.com\/fr\/wp-json\/wp\/v2\/product\/390092","targetHints":{"allow":["GET"]}}],"collection":[{"href":"https:\/\/maisoncleo.com\/fr\/wp-json\/wp\/v2\/product"}],"about":[{"href":"https:\/\/maisoncleo.com\/fr\/wp-json\/wp\/v2\/types\/product"}],"version-history":[{"count":2,"href":"https:\/\/maisoncleo.com\/fr\/wp-json\/wp\/v2\/product\/390092\/revisions"}],"predecessor-version":[{"id":390123,"href":"https:\/\/maisoncleo.com\/fr\/wp-json\/wp\/v2\/product\/390092\/revisions\/390123"}],"wp:featuredmedia":[{"embeddable":true,"href":"https:\/\/maisoncleo.com\/fr\/wp-json\/wp\/v2\/media\/390099"}],"wp:attachment":[{"href":"https:\/\/maisoncleo.com\/fr\/wp-json\/wp\/v2\/media?parent=390092"}],"wp:term":[{"taxonomy":"product_brand","embeddable":true,"href":"https:\/\/maisoncleo.com\/fr\/wp-json\/wp\/v2\/product_brand?post=390092"},{"taxonomy":"product_cat","embeddable":true,"href":"https:\/\/maisoncleo.com\/fr\/wp-json\/wp\/v2\/product_cat?post=390092"},{"taxonomy":"product_tag","embeddable":true,"href":"https:\/\/maisoncleo.com\/fr\/wp-json\/wp\/v2\/product_tag?post=390092"}],"curies":[{"name":"wp","href":"https:\/\/api.w.org\/{rel}","templated":true}]}}