{"id":389810,"date":"2025-08-28T17:11:30","date_gmt":"2025-08-28T15:11:30","guid":{"rendered":"https:\/\/maisoncleo.com\/?post_type=product&#038;p=389810"},"modified":"2025-08-08T13:29:38","modified_gmt":"2025-08-08T11:29:38","slug":"valentines-blouse-agnes-en-coton-roses-rouges-et-broderie-anglaise-copy","status":"publish","type":"product","link":"https:\/\/maisoncleo.com\/fr\/shop\/valentines-blouse-agnes-en-coton-roses-rouges-et-broderie-anglaise-copy\/","title":{"rendered":"Blouse AGNES en coton roses rouges et broderie anglaise"},"content":{"rendered":"<p>Notre blouse Agn\u00e8s en coton roses rouges et broderie anglaise.<\/p>\n<p>Deux liens \u00e0 nouer sur le devant. Manches bouffantes. 100% coton. D\u00e9tails de broderie anglaise sur le d\u00e9collet\u00e9.<\/p>\n","protected":false},"excerpt":{"rendered":"<p>Notre blouse Agn\u00e8s en coton roses rouges et broderie anglaise. Deux liens \u00e0 nouer sur le devant. Manches bouffantes. 100% coton. D\u00e9tails&hellip;<\/p>\n","protected":false},"featured_media":389834,"template":"","meta":[],"product_brand":[],"product_cat":[663,668,661],"product_tag":[],"class_list":{"0":"post-389810","1":"product","2":"type-product","3":"status-publish","4":"has-post-thumbnail","6":"product_cat-blouses","7":"product_cat-capsule","8":"product_cat-tout-voir","10":"first","11":"instock","12":"taxable","13":"shipping-taxable","14":"purchasable","15":"product-type-variable"},"_links":{"self":[{"href":"https:\/\/maisoncleo.com\/fr\/wp-json\/wp\/v2\/product\/389810","targetHints":{"allow":["GET"]}}],"collection":[{"href":"https:\/\/maisoncleo.com\/fr\/wp-json\/wp\/v2\/product"}],"about":[{"href":"https:\/\/maisoncleo.com\/fr\/wp-json\/wp\/v2\/types\/product"}],"version-history":[{"count":1,"href":"https:\/\/maisoncleo.com\/fr\/wp-json\/wp\/v2\/product\/389810\/revisions"}],"predecessor-version":[{"id":389844,"href":"https:\/\/maisoncleo.com\/fr\/wp-json\/wp\/v2\/product\/389810\/revisions\/389844"}],"wp:featuredmedia":[{"embeddable":true,"href":"https:\/\/maisoncleo.com\/fr\/wp-json\/wp\/v2\/media\/389834"}],"wp:attachment":[{"href":"https:\/\/maisoncleo.com\/fr\/wp-json\/wp\/v2\/media?parent=389810"}],"wp:term":[{"taxonomy":"product_brand","embeddable":true,"href":"https:\/\/maisoncleo.com\/fr\/wp-json\/wp\/v2\/product_brand?post=389810"},{"taxonomy":"product_cat","embeddable":true,"href":"https:\/\/maisoncleo.com\/fr\/wp-json\/wp\/v2\/product_cat?post=389810"},{"taxonomy":"product_tag","embeddable":true,"href":"https:\/\/maisoncleo.com\/fr\/wp-json\/wp\/v2\/product_tag?post=389810"}],"curies":[{"name":"wp","href":"https:\/\/api.w.org\/{rel}","templated":true}]}}