{"id":389719,"date":"2025-08-28T15:45:34","date_gmt":"2025-08-28T13:45:34","guid":{"rendered":"https:\/\/maisoncleo.com\/?post_type=product&#038;p=389719"},"modified":"2026-04-18T14:09:50","modified_gmt":"2026-04-18T12:09:50","slug":"robe-marie-evasee-en-coton-blanc-boutonnee-avec-col-claudine-copy-4","status":"publish","type":"product","link":"https:\/\/maisoncleo.com\/fr\/shop\/robe-marie-evasee-en-coton-blanc-boutonnee-avec-col-claudine-copy-4\/","title":{"rendered":"Robe MARIE \u00e9vas\u00e9e en denim coton et lin boutonn\u00e9e avec col Claudine"},"content":{"rendered":"<p>Robe \u00e9vas\u00e9e en denim coton et lin boutonn\u00e9e avec col Claudine.<\/p>\n<p>Manches courtes, enti\u00e8rement boutonn\u00e9e sur le devant, coupe l\u00e9g\u00e8rement \u00e9vas\u00e9e dans le bas, col claudine rond.<\/p>\n<p>100% coton.<\/p>\n<p>Longueur : 82 cm. Comme nous fabriquons \u00e0 la commande, il est possible de demander la longueur que vous souhaitez.<\/p>\n<p>La mod\u00e8le mesure 1m70 et porte une taille S\/36.<\/p>\n","protected":false},"excerpt":{"rendered":"<p>Robe \u00e9vas\u00e9e en denim coton et lin boutonn\u00e9e avec col Claudine. Manches courtes, enti\u00e8rement boutonn\u00e9e sur le devant, coupe l\u00e9g\u00e8rement \u00e9vas\u00e9e dans&hellip;<\/p>\n","protected":false},"featured_media":389745,"template":"","meta":[],"product_brand":[],"product_cat":[662,668,664,661],"product_tag":[],"class_list":{"0":"post-389719","1":"product","2":"type-product","3":"status-publish","4":"has-post-thumbnail","6":"product_cat-basiques","7":"product_cat-capsule","8":"product_cat-robes","9":"product_cat-tout-voir","11":"first","12":"instock","13":"taxable","14":"shipping-taxable","15":"purchasable","16":"product-type-variable"},"_links":{"self":[{"href":"https:\/\/maisoncleo.com\/fr\/wp-json\/wp\/v2\/product\/389719","targetHints":{"allow":["GET"]}}],"collection":[{"href":"https:\/\/maisoncleo.com\/fr\/wp-json\/wp\/v2\/product"}],"about":[{"href":"https:\/\/maisoncleo.com\/fr\/wp-json\/wp\/v2\/types\/product"}],"version-history":[{"count":1,"href":"https:\/\/maisoncleo.com\/fr\/wp-json\/wp\/v2\/product\/389719\/revisions"}],"predecessor-version":[{"id":389759,"href":"https:\/\/maisoncleo.com\/fr\/wp-json\/wp\/v2\/product\/389719\/revisions\/389759"}],"wp:featuredmedia":[{"embeddable":true,"href":"https:\/\/maisoncleo.com\/fr\/wp-json\/wp\/v2\/media\/389745"}],"wp:attachment":[{"href":"https:\/\/maisoncleo.com\/fr\/wp-json\/wp\/v2\/media?parent=389719"}],"wp:term":[{"taxonomy":"product_brand","embeddable":true,"href":"https:\/\/maisoncleo.com\/fr\/wp-json\/wp\/v2\/product_brand?post=389719"},{"taxonomy":"product_cat","embeddable":true,"href":"https:\/\/maisoncleo.com\/fr\/wp-json\/wp\/v2\/product_cat?post=389719"},{"taxonomy":"product_tag","embeddable":true,"href":"https:\/\/maisoncleo.com\/fr\/wp-json\/wp\/v2\/product_tag?post=389719"}],"curies":[{"name":"wp","href":"https:\/\/api.w.org\/{rel}","templated":true}]}}