{"id":389549,"date":"2025-08-28T12:52:11","date_gmt":"2025-08-28T10:52:11","guid":{"rendered":"https:\/\/maisoncleo.com\/?post_type=product&#038;p=389549"},"modified":"2025-08-07T18:21:36","modified_gmt":"2025-08-07T16:21:36","slug":"robe-monica-dos-nu-en-jersey-de-coton-blanc-casse-et-rouge-a-rayures-copy","status":"publish","type":"product","link":"https:\/\/maisoncleo.com\/fr\/shop\/robe-monica-dos-nu-en-jersey-de-coton-blanc-casse-et-rouge-a-rayures-copy\/","title":{"rendered":"Robe Monica dos nu en jersey de coton noir et \u00e9cru \u00e0 rayures"},"content":{"rendered":"<p>Robe dos nu en jersey de coton noir et \u00e9cru \u00e0 rayures, manches longues, lien \u00e0 louer dans le dos dans le haut du cou. Longueur : 79 cm.<\/p>\n<p>Tissu en jersey de coton tricot\u00e9, 100% coton.<\/p>\n<p><span style=\"font-weight: 400;\">La mod\u00e8le mesure 170m et porte une taille S\/36.<\/span><\/p>\n","protected":false},"excerpt":{"rendered":"<p>Robe dos nu en jersey de coton noir et \u00e9cru \u00e0 rayures, manches longues, lien \u00e0 louer dans le dos dans le&hellip;<\/p>\n","protected":false},"featured_media":389575,"template":"","meta":[],"product_brand":[],"product_cat":[668,664,661],"product_tag":[],"class_list":{"0":"post-389549","1":"product","2":"type-product","3":"status-publish","4":"has-post-thumbnail","6":"product_cat-capsule","7":"product_cat-robes","8":"product_cat-tout-voir","10":"first","11":"instock","12":"taxable","13":"shipping-taxable","14":"purchasable","15":"product-type-variable"},"_links":{"self":[{"href":"https:\/\/maisoncleo.com\/fr\/wp-json\/wp\/v2\/product\/389549","targetHints":{"allow":["GET"]}}],"collection":[{"href":"https:\/\/maisoncleo.com\/fr\/wp-json\/wp\/v2\/product"}],"about":[{"href":"https:\/\/maisoncleo.com\/fr\/wp-json\/wp\/v2\/types\/product"}],"version-history":[{"count":1,"href":"https:\/\/maisoncleo.com\/fr\/wp-json\/wp\/v2\/product\/389549\/revisions"}],"predecessor-version":[{"id":389585,"href":"https:\/\/maisoncleo.com\/fr\/wp-json\/wp\/v2\/product\/389549\/revisions\/389585"}],"wp:featuredmedia":[{"embeddable":true,"href":"https:\/\/maisoncleo.com\/fr\/wp-json\/wp\/v2\/media\/389575"}],"wp:attachment":[{"href":"https:\/\/maisoncleo.com\/fr\/wp-json\/wp\/v2\/media?parent=389549"}],"wp:term":[{"taxonomy":"product_brand","embeddable":true,"href":"https:\/\/maisoncleo.com\/fr\/wp-json\/wp\/v2\/product_brand?post=389549"},{"taxonomy":"product_cat","embeddable":true,"href":"https:\/\/maisoncleo.com\/fr\/wp-json\/wp\/v2\/product_cat?post=389549"},{"taxonomy":"product_tag","embeddable":true,"href":"https:\/\/maisoncleo.com\/fr\/wp-json\/wp\/v2\/product_tag?post=389549"}],"curies":[{"name":"wp","href":"https:\/\/api.w.org\/{rel}","templated":true}]}}