{"id":389467,"date":"2025-08-28T12:23:30","date_gmt":"2025-08-28T10:23:30","guid":{"rendered":"https:\/\/maisoncleo.com\/?post_type=product&#038;p=389467"},"modified":"2025-08-07T17:29:52","modified_gmt":"2025-08-07T15:29:52","slug":"mini-short-en-tissu-eponge-blanc-casse-et-rouge-a-rayures-marc-copy","status":"publish","type":"product","link":"https:\/\/maisoncleo.com\/fr\/shop\/mini-short-en-tissu-eponge-blanc-casse-et-rouge-a-rayures-marc-copy\/","title":{"rendered":"Mini short \u00e0 rayures noir et \u00e9cru Marc en coton"},"content":{"rendered":"<p><span style=\"font-weight: 400;\">Mini short nous rappelant les ann\u00e9es 60. Jersey tricot\u00e9 de coton \u00e0 rayures noires et \u00e9crues. Bords roulott\u00e9s. Taille \u00e9lastiqu\u00e9e. Longueur : 32 cm.\u00a0<\/span><\/p>\n<p>100% coton.<\/p>\n<p>La mod\u00e8le mesure 170m et porte une taille S\/36.<\/p>\n","protected":false},"excerpt":{"rendered":"<p>Mini short nous rappelant les ann\u00e9es 60. Jersey tricot\u00e9 de coton \u00e0 rayures noires et \u00e9crues. Bords roulott\u00e9s. Taille \u00e9lastiqu\u00e9e. Longueur :&hellip;<\/p>\n","protected":false},"featured_media":389485,"template":"","meta":[],"product_brand":[],"product_cat":[668,675,661],"product_tag":[],"class_list":{"0":"post-389467","1":"product","2":"type-product","3":"status-publish","4":"has-post-thumbnail","6":"product_cat-capsule","7":"product_cat-pantalons-shorts","8":"product_cat-tout-voir","10":"first","11":"instock","12":"taxable","13":"shipping-taxable","14":"purchasable","15":"product-type-variable"},"_links":{"self":[{"href":"https:\/\/maisoncleo.com\/fr\/wp-json\/wp\/v2\/product\/389467","targetHints":{"allow":["GET"]}}],"collection":[{"href":"https:\/\/maisoncleo.com\/fr\/wp-json\/wp\/v2\/product"}],"about":[{"href":"https:\/\/maisoncleo.com\/fr\/wp-json\/wp\/v2\/types\/product"}],"version-history":[{"count":1,"href":"https:\/\/maisoncleo.com\/fr\/wp-json\/wp\/v2\/product\/389467\/revisions"}],"predecessor-version":[{"id":389501,"href":"https:\/\/maisoncleo.com\/fr\/wp-json\/wp\/v2\/product\/389467\/revisions\/389501"}],"wp:featuredmedia":[{"embeddable":true,"href":"https:\/\/maisoncleo.com\/fr\/wp-json\/wp\/v2\/media\/389485"}],"wp:attachment":[{"href":"https:\/\/maisoncleo.com\/fr\/wp-json\/wp\/v2\/media?parent=389467"}],"wp:term":[{"taxonomy":"product_brand","embeddable":true,"href":"https:\/\/maisoncleo.com\/fr\/wp-json\/wp\/v2\/product_brand?post=389467"},{"taxonomy":"product_cat","embeddable":true,"href":"https:\/\/maisoncleo.com\/fr\/wp-json\/wp\/v2\/product_cat?post=389467"},{"taxonomy":"product_tag","embeddable":true,"href":"https:\/\/maisoncleo.com\/fr\/wp-json\/wp\/v2\/product_tag?post=389467"}],"curies":[{"name":"wp","href":"https:\/\/api.w.org\/{rel}","templated":true}]}}