{"id":389421,"date":"2025-08-07T12:09:46","date_gmt":"2025-08-07T10:09:46","guid":{"rendered":"https:\/\/maisoncleo.com\/?post_type=product&#038;p=389421"},"modified":"2026-03-13T02:27:34","modified_gmt":"2026-03-13T00:27:34","slug":"robe-en-soie-chinoise-rouge-boutonnee-jen-copy-3","status":"publish","type":"product","link":"https:\/\/maisoncleo.com\/fr\/shop\/robe-en-soie-chinoise-rouge-boutonnee-jen-copy-3\/","title":{"rendered":"Robe chinoise JEN boutonn\u00e9e en soie marron imprim\u00e9e"},"content":{"rendered":"<p>Robe chinoise boutonn\u00e9e en soie marron imprim\u00e9e.<\/p>\n<p>Manches courtes, col ouvert, enti\u00e8rement boutonn\u00e9e sur le c\u00f4t\u00e9 avec des boutons marrons. Finition en satin duchesse marron sur les bords, fente c\u00f4t\u00e9.<\/p>\n<p>Vous pouvez demander plus de longueur ou une fente moins profonde dans la case commentaires au niveau du panier.<\/p>\n<p>La mod\u00e8le mesure 170 cm et porte une taille S-36.<\/p>\n<p>Longueur= 87 cm. Longueur de fente= 20 cm.<\/p>\n","protected":false},"excerpt":{"rendered":"<p>Robe chinoise boutonn\u00e9e en soie marron imprim\u00e9e. Manches courtes, col ouvert, enti\u00e8rement boutonn\u00e9e sur le c\u00f4t\u00e9 avec des boutons marrons. Finition en&hellip;<\/p>\n","protected":false},"featured_media":389437,"template":"","meta":[],"product_brand":[],"product_cat":[668,664,661],"product_tag":[],"class_list":{"0":"post-389421","1":"product","2":"type-product","3":"status-publish","4":"has-post-thumbnail","6":"product_cat-capsule","7":"product_cat-robes","8":"product_cat-tout-voir","10":"first","11":"outofstock","12":"taxable","13":"shipping-taxable","14":"purchasable","15":"product-type-variable"},"_links":{"self":[{"href":"https:\/\/maisoncleo.com\/fr\/wp-json\/wp\/v2\/product\/389421","targetHints":{"allow":["GET"]}}],"collection":[{"href":"https:\/\/maisoncleo.com\/fr\/wp-json\/wp\/v2\/product"}],"about":[{"href":"https:\/\/maisoncleo.com\/fr\/wp-json\/wp\/v2\/types\/product"}],"version-history":[{"count":1,"href":"https:\/\/maisoncleo.com\/fr\/wp-json\/wp\/v2\/product\/389421\/revisions"}],"predecessor-version":[{"id":389459,"href":"https:\/\/maisoncleo.com\/fr\/wp-json\/wp\/v2\/product\/389421\/revisions\/389459"}],"wp:featuredmedia":[{"embeddable":true,"href":"https:\/\/maisoncleo.com\/fr\/wp-json\/wp\/v2\/media\/389437"}],"wp:attachment":[{"href":"https:\/\/maisoncleo.com\/fr\/wp-json\/wp\/v2\/media?parent=389421"}],"wp:term":[{"taxonomy":"product_brand","embeddable":true,"href":"https:\/\/maisoncleo.com\/fr\/wp-json\/wp\/v2\/product_brand?post=389421"},{"taxonomy":"product_cat","embeddable":true,"href":"https:\/\/maisoncleo.com\/fr\/wp-json\/wp\/v2\/product_cat?post=389421"},{"taxonomy":"product_tag","embeddable":true,"href":"https:\/\/maisoncleo.com\/fr\/wp-json\/wp\/v2\/product_tag?post=389421"}],"curies":[{"name":"wp","href":"https:\/\/api.w.org\/{rel}","templated":true}]}}