{"id":389399,"date":"2025-08-07T12:02:42","date_gmt":"2025-08-07T10:02:42","guid":{"rendered":"https:\/\/maisoncleo.com\/?post_type=product&#038;p=389399"},"modified":"2025-08-07T17:28:20","modified_gmt":"2025-08-07T15:28:20","slug":"la-badoule-look-25-blouse-en-mousseline-de-soie-jaune-coeurs-roses-anita-copy","status":"publish","type":"product","link":"https:\/\/maisoncleo.com\/fr\/shop\/la-badoule-look-25-blouse-en-mousseline-de-soie-jaune-coeurs-roses-anita-copy\/","title":{"rendered":"Blouse Anita en denim coton et lin"},"content":{"rendered":"<p id=\"tw-target-text\" class=\"tw-data-text tw-text-large tw-ta\" dir=\"ltr\" data-placeholder=\"Traduction\"><span class=\"Y2IQFc\" lang=\"fr\">Notre blouse Anita dans un tissu denim coton et lin.<\/span><\/p>\n<p class=\"tw-data-text tw-text-large tw-ta\" dir=\"ltr\" data-placeholder=\"Traduction\"><span class=\"Y2IQFc\" lang=\"fr\">Petit col rond. Petites manches bouffantes, poignets larges. \u00c0 nouer de deux mani\u00e8res diff\u00e9rentes: sur le devant ou dans le dos.\u00a0<\/span><\/p>\n<p class=\"tw-data-text tw-text-large tw-ta\" dir=\"ltr\" data-placeholder=\"Traduction\">Longueur \u00e0 plat: 43 cm.<\/p>\n<p>La mod\u00e8le mesure 1m70 et porte une taille S\/36.<\/p>\n","protected":false},"excerpt":{"rendered":"<p>Notre blouse Anita dans un tissu denim coton et lin. Petit col rond. Petites manches bouffantes, poignets larges. \u00c0 nouer de deux&hellip;<\/p>\n","protected":false},"featured_media":389358,"template":"","meta":[],"product_brand":[],"product_cat":[662,663,668,661],"product_tag":[],"class_list":{"0":"post-389399","1":"product","2":"type-product","3":"status-publish","4":"has-post-thumbnail","6":"product_cat-basiques","7":"product_cat-blouses","8":"product_cat-capsule","9":"product_cat-tout-voir","11":"first","12":"instock","13":"taxable","14":"shipping-taxable","15":"purchasable","16":"product-type-variable"},"_links":{"self":[{"href":"https:\/\/maisoncleo.com\/fr\/wp-json\/wp\/v2\/product\/389399","targetHints":{"allow":["GET"]}}],"collection":[{"href":"https:\/\/maisoncleo.com\/fr\/wp-json\/wp\/v2\/product"}],"about":[{"href":"https:\/\/maisoncleo.com\/fr\/wp-json\/wp\/v2\/types\/product"}],"version-history":[{"count":1,"href":"https:\/\/maisoncleo.com\/fr\/wp-json\/wp\/v2\/product\/389399\/revisions"}],"predecessor-version":[{"id":389413,"href":"https:\/\/maisoncleo.com\/fr\/wp-json\/wp\/v2\/product\/389399\/revisions\/389413"}],"wp:featuredmedia":[{"embeddable":true,"href":"https:\/\/maisoncleo.com\/fr\/wp-json\/wp\/v2\/media\/389358"}],"wp:attachment":[{"href":"https:\/\/maisoncleo.com\/fr\/wp-json\/wp\/v2\/media?parent=389399"}],"wp:term":[{"taxonomy":"product_brand","embeddable":true,"href":"https:\/\/maisoncleo.com\/fr\/wp-json\/wp\/v2\/product_brand?post=389399"},{"taxonomy":"product_cat","embeddable":true,"href":"https:\/\/maisoncleo.com\/fr\/wp-json\/wp\/v2\/product_cat?post=389399"},{"taxonomy":"product_tag","embeddable":true,"href":"https:\/\/maisoncleo.com\/fr\/wp-json\/wp\/v2\/product_tag?post=389399"}],"curies":[{"name":"wp","href":"https:\/\/api.w.org\/{rel}","templated":true}]}}