{"id":389073,"date":"2025-07-22T12:07:45","date_gmt":"2025-07-22T10:07:45","guid":{"rendered":"https:\/\/maisoncleo.com\/?post_type=product&#038;p=389073"},"modified":"2025-07-22T12:10:47","modified_gmt":"2025-07-22T10:10:47","slug":"ready-to-ship-top-en-soie-leopard-lily-copy","status":"publish","type":"product","link":"https:\/\/maisoncleo.com\/fr\/shop\/ready-to-ship-top-en-soie-leopard-lily-copy\/","title":{"rendered":"READY TO SHIP &#8211; Top en soie \u00e0 motifs violet LILY"},"content":{"rendered":"<p>Le top d\u00e9bardeur LILY, fabriqu\u00e9 dans une soie deadstock, \u00e0 motifs violet.<\/p>\n<p>Col b\u00e9nitier, fluide, dos nu, liens fins \u00e0 nouer derri\u00e8re le dos et le cou.<\/p>\n<p>100% satin de soie.<\/p>\n","protected":false},"excerpt":{"rendered":"<p>Le top d\u00e9bardeur LILY, fabriqu\u00e9 dans une soie deadstock, \u00e0 motifs violet. Col b\u00e9nitier, fluide, dos nu, liens fins \u00e0 nouer derri\u00e8re&hellip;<\/p>\n","protected":false},"featured_media":389044,"template":"","meta":[],"product_brand":[],"product_cat":[913],"product_tag":[],"class_list":{"0":"post-389073","1":"product","2":"type-product","3":"status-publish","4":"has-post-thumbnail","6":"product_cat-ready-to-ship","8":"first","9":"instock","10":"taxable","11":"shipping-taxable","12":"purchasable","13":"product-type-variable"},"_links":{"self":[{"href":"https:\/\/maisoncleo.com\/fr\/wp-json\/wp\/v2\/product\/389073","targetHints":{"allow":["GET"]}}],"collection":[{"href":"https:\/\/maisoncleo.com\/fr\/wp-json\/wp\/v2\/product"}],"about":[{"href":"https:\/\/maisoncleo.com\/fr\/wp-json\/wp\/v2\/types\/product"}],"version-history":[{"count":2,"href":"https:\/\/maisoncleo.com\/fr\/wp-json\/wp\/v2\/product\/389073\/revisions"}],"predecessor-version":[{"id":389078,"href":"https:\/\/maisoncleo.com\/fr\/wp-json\/wp\/v2\/product\/389073\/revisions\/389078"}],"wp:featuredmedia":[{"embeddable":true,"href":"https:\/\/maisoncleo.com\/fr\/wp-json\/wp\/v2\/media\/389044"}],"wp:attachment":[{"href":"https:\/\/maisoncleo.com\/fr\/wp-json\/wp\/v2\/media?parent=389073"}],"wp:term":[{"taxonomy":"product_brand","embeddable":true,"href":"https:\/\/maisoncleo.com\/fr\/wp-json\/wp\/v2\/product_brand?post=389073"},{"taxonomy":"product_cat","embeddable":true,"href":"https:\/\/maisoncleo.com\/fr\/wp-json\/wp\/v2\/product_cat?post=389073"},{"taxonomy":"product_tag","embeddable":true,"href":"https:\/\/maisoncleo.com\/fr\/wp-json\/wp\/v2\/product_tag?post=389073"}],"curies":[{"name":"wp","href":"https:\/\/api.w.org\/{rel}","templated":true}]}}