{"id":388666,"date":"2025-05-04T11:54:12","date_gmt":"2025-07-04T09:54:13","guid":{"rendered":"https:\/\/maisoncleo.com\/?post_type=product&#038;p=388666"},"modified":"2025-07-04T11:59:05","modified_gmt":"2025-07-04T09:59:05","slug":"robe-en-soie-chinoise-rouge-boutonnee-jen-copy-2","status":"publish","type":"product","link":"https:\/\/maisoncleo.com\/fr\/shop\/robe-en-soie-chinoise-rouge-boutonnee-jen-copy-2\/","title":{"rendered":"READY-TO-SHIP &#8211; Robe en soie chinoise rouge boutonn\u00e9e JEN"},"content":{"rendered":"<p>Robe en soie chinoise rouge boutonn\u00e9e.<\/p>\n<p>Manches courtes, col ouvert, enti\u00e8rement boutonn\u00e9e sur le c\u00f4t\u00e9 avec des boutons rouges fonc\u00e9s. Sublime vrai tissu de soie chinoise provenant de l\u00e0-bas. Finition en satin duchesse rouge sur les bords, fente c\u00f4t\u00e9.<\/p>\n<p>100% soie chinoise.<\/p>\n<p>La mod\u00e8le mesure 171 cm et porte une taille S-36.<\/p>\n","protected":false},"excerpt":{"rendered":"<p>Robe en soie chinoise rouge boutonn\u00e9e. Manches courtes, col ouvert, enti\u00e8rement boutonn\u00e9e sur le c\u00f4t\u00e9 avec des boutons rouges fonc\u00e9s. Sublime vrai&hellip;<\/p>\n","protected":false},"featured_media":346487,"template":"","meta":[],"product_brand":[],"product_cat":[913],"product_tag":[],"class_list":{"0":"post-388666","1":"product","2":"type-product","3":"status-publish","4":"has-post-thumbnail","6":"product_cat-ready-to-ship","8":"first","9":"outofstock","10":"taxable","11":"shipping-taxable","12":"purchasable","13":"product-type-variable"},"_links":{"self":[{"href":"https:\/\/maisoncleo.com\/fr\/wp-json\/wp\/v2\/product\/388666","targetHints":{"allow":["GET"]}}],"collection":[{"href":"https:\/\/maisoncleo.com\/fr\/wp-json\/wp\/v2\/product"}],"about":[{"href":"https:\/\/maisoncleo.com\/fr\/wp-json\/wp\/v2\/types\/product"}],"version-history":[{"count":2,"href":"https:\/\/maisoncleo.com\/fr\/wp-json\/wp\/v2\/product\/388666\/revisions"}],"predecessor-version":[{"id":388676,"href":"https:\/\/maisoncleo.com\/fr\/wp-json\/wp\/v2\/product\/388666\/revisions\/388676"}],"wp:featuredmedia":[{"embeddable":true,"href":"https:\/\/maisoncleo.com\/fr\/wp-json\/wp\/v2\/media\/346487"}],"wp:attachment":[{"href":"https:\/\/maisoncleo.com\/fr\/wp-json\/wp\/v2\/media?parent=388666"}],"wp:term":[{"taxonomy":"product_brand","embeddable":true,"href":"https:\/\/maisoncleo.com\/fr\/wp-json\/wp\/v2\/product_brand?post=388666"},{"taxonomy":"product_cat","embeddable":true,"href":"https:\/\/maisoncleo.com\/fr\/wp-json\/wp\/v2\/product_cat?post=388666"},{"taxonomy":"product_tag","embeddable":true,"href":"https:\/\/maisoncleo.com\/fr\/wp-json\/wp\/v2\/product_tag?post=388666"}],"curies":[{"name":"wp","href":"https:\/\/api.w.org\/{rel}","templated":true}]}}