{"id":388624,"date":"2025-05-04T11:33:22","date_gmt":"2025-07-04T09:33:23","guid":{"rendered":"https:\/\/maisoncleo.com\/?post_type=product&#038;p=388624"},"modified":"2025-07-04T11:37:37","modified_gmt":"2025-07-04T09:37:37","slug":"jupe-en-soie-ivoire-texturee-avec-dentelles-rebeca-copy","status":"publish","type":"product","link":"https:\/\/maisoncleo.com\/fr\/shop\/jupe-en-soie-ivoire-texturee-avec-dentelles-rebeca-copy\/","title":{"rendered":"READY-TO-SHIP &#8211; Jupe en soie ivoire textur\u00e9e avec dentelles REBECA"},"content":{"rendered":"<p>Jupe mi-longue en soie ivoire textur\u00e9e avec parties en dentelle dans le bas.<\/p>\n<p>Fluide, taille \u00e9lastiqu\u00e9e, fente dans le dos. 100% soie. Joli imprim\u00e9 fleurs ton sur ton!<\/p>\n<p>La mod\u00e8le mesure 170 cm et porte une taille S\/36.<\/p>\n<p>A lire avant d&rsquo;acheter : Cette jupe de cet ensemble est faite dans une nouvelle soie textur\u00e9e, il s&rsquo;agit de la m\u00eame mais sans l&rsquo;imprim\u00e9 cercles (voir derni\u00e8re photo).<\/p>\n","protected":false},"excerpt":{"rendered":"<p>Jupe mi-longue en soie ivoire textur\u00e9e avec parties en dentelle dans le bas. Fluide, taille \u00e9lastiqu\u00e9e, fente dans le dos. 100% soie.&hellip;<\/p>\n","protected":false},"featured_media":357121,"template":"","meta":[],"product_brand":[],"product_cat":[913],"product_tag":[],"class_list":{"0":"post-388624","1":"product","2":"type-product","3":"status-publish","4":"has-post-thumbnail","6":"product_cat-ready-to-ship","8":"first","9":"instock","10":"taxable","11":"shipping-taxable","12":"purchasable","13":"product-type-variable"},"_links":{"self":[{"href":"https:\/\/maisoncleo.com\/fr\/wp-json\/wp\/v2\/product\/388624","targetHints":{"allow":["GET"]}}],"collection":[{"href":"https:\/\/maisoncleo.com\/fr\/wp-json\/wp\/v2\/product"}],"about":[{"href":"https:\/\/maisoncleo.com\/fr\/wp-json\/wp\/v2\/types\/product"}],"version-history":[{"count":2,"href":"https:\/\/maisoncleo.com\/fr\/wp-json\/wp\/v2\/product\/388624\/revisions"}],"predecessor-version":[{"id":388639,"href":"https:\/\/maisoncleo.com\/fr\/wp-json\/wp\/v2\/product\/388624\/revisions\/388639"}],"wp:featuredmedia":[{"embeddable":true,"href":"https:\/\/maisoncleo.com\/fr\/wp-json\/wp\/v2\/media\/357121"}],"wp:attachment":[{"href":"https:\/\/maisoncleo.com\/fr\/wp-json\/wp\/v2\/media?parent=388624"}],"wp:term":[{"taxonomy":"product_brand","embeddable":true,"href":"https:\/\/maisoncleo.com\/fr\/wp-json\/wp\/v2\/product_brand?post=388624"},{"taxonomy":"product_cat","embeddable":true,"href":"https:\/\/maisoncleo.com\/fr\/wp-json\/wp\/v2\/product_cat?post=388624"},{"taxonomy":"product_tag","embeddable":true,"href":"https:\/\/maisoncleo.com\/fr\/wp-json\/wp\/v2\/product_tag?post=388624"}],"curies":[{"name":"wp","href":"https:\/\/api.w.org\/{rel}","templated":true}]}}