{"id":388306,"date":"2025-06-18T12:29:50","date_gmt":"2025-06-18T10:29:51","guid":{"rendered":"https:\/\/maisoncleo.com\/?post_type=product&#038;p=388306"},"modified":"2025-06-18T16:46:25","modified_gmt":"2025-06-18T14:46:25","slug":"la-gatee-jupe-a-carreaux-rouges-mi-longue-evasee-bordures-beiges-copy","status":"publish","type":"product","link":"https:\/\/maisoncleo.com\/fr\/shop\/la-gatee-jupe-a-carreaux-rouges-mi-longue-evasee-bordures-beiges-copy\/","title":{"rendered":"LA G\u00c2T\u00c9E &#8211; Jupe \u00e9crue en crochet avec franges"},"content":{"rendered":"<p><span style=\"font-weight: 400;\">Jupe \u00e9crue en crochet, droite l\u00e9g\u00e8rement \u00e9vas\u00e9e dans le bas, franges, fermeture \u00e9clair dans le dos. La mod\u00e8le mesure 1m73 et porte une taille S\/36.<\/span><\/p>\n<p><span style=\"font-weight: 400;\">Look faisant partie de notre d\u00e9fil\u00e9 printemps-\u00e9t\u00e9 2025 \u201cLa G\u00e2t\u00e9e\u201d pr\u00e9sent\u00e9 \u00e0 Marseille le 9 Juin lors de la Slow Fashion Week, ode au Sud de la France et \u00e0 l\u2019esprit proven\u00e7al. <\/span><\/p>\n","protected":false},"excerpt":{"rendered":"<p>Jupe \u00e9crue en crochet, droite l\u00e9g\u00e8rement \u00e9vas\u00e9e dans le bas, franges, fermeture \u00e9clair dans le dos. La mod\u00e8le mesure 1m73 et porte&hellip;<\/p>\n","protected":false},"featured_media":388314,"template":"","meta":[],"product_brand":[],"product_cat":[671,672,668,661],"product_tag":[],"class_list":{"0":"post-388306","1":"product","2":"type-product","3":"status-publish","4":"has-post-thumbnail","6":"product_cat-defiles","7":"product_cat-jupes","8":"product_cat-capsule","9":"product_cat-tout-voir","11":"first","12":"instock","13":"taxable","14":"shipping-taxable","15":"purchasable","16":"product-type-variable"},"_links":{"self":[{"href":"https:\/\/maisoncleo.com\/fr\/wp-json\/wp\/v2\/product\/388306","targetHints":{"allow":["GET"]}}],"collection":[{"href":"https:\/\/maisoncleo.com\/fr\/wp-json\/wp\/v2\/product"}],"about":[{"href":"https:\/\/maisoncleo.com\/fr\/wp-json\/wp\/v2\/types\/product"}],"version-history":[{"count":1,"href":"https:\/\/maisoncleo.com\/fr\/wp-json\/wp\/v2\/product\/388306\/revisions"}],"predecessor-version":[{"id":388340,"href":"https:\/\/maisoncleo.com\/fr\/wp-json\/wp\/v2\/product\/388306\/revisions\/388340"}],"wp:featuredmedia":[{"embeddable":true,"href":"https:\/\/maisoncleo.com\/fr\/wp-json\/wp\/v2\/media\/388314"}],"wp:attachment":[{"href":"https:\/\/maisoncleo.com\/fr\/wp-json\/wp\/v2\/media?parent=388306"}],"wp:term":[{"taxonomy":"product_brand","embeddable":true,"href":"https:\/\/maisoncleo.com\/fr\/wp-json\/wp\/v2\/product_brand?post=388306"},{"taxonomy":"product_cat","embeddable":true,"href":"https:\/\/maisoncleo.com\/fr\/wp-json\/wp\/v2\/product_cat?post=388306"},{"taxonomy":"product_tag","embeddable":true,"href":"https:\/\/maisoncleo.com\/fr\/wp-json\/wp\/v2\/product_tag?post=388306"}],"curies":[{"name":"wp","href":"https:\/\/api.w.org\/{rel}","templated":true}]}}