{"id":388284,"date":"2025-06-18T12:26:32","date_gmt":"2025-06-18T10:26:33","guid":{"rendered":"https:\/\/maisoncleo.com\/?post_type=product&#038;p=388284"},"modified":"2025-06-19T22:21:21","modified_gmt":"2025-06-19T20:21:21","slug":"la-gatee-blouse-agnes-en-coton-beige-detail-boutons-nacres-copy","status":"publish","type":"product","link":"https:\/\/maisoncleo.com\/fr\/shop\/la-gatee-blouse-agnes-en-coton-beige-detail-boutons-nacres-copy\/","title":{"rendered":"LA G\u00c2T\u00c9E &#8211; Blouse beige, rouge \u00e0 carreaux et broderies de cerises"},"content":{"rendered":"<p><span style=\"font-weight: 400;\">Blouse beige, rouge \u00e0 carreaux et broderies de cerises, adorable! Partie en coton beige sur la poitrine bord\u00e9e de broderie, tissu en coton rouge \u00e0 carreaux dans le bas, bordure beige avec ajour\u00e9s, manches courtes bouffantes beige avec broderies de cerises, deux liens \u00e0 nouer sur le devant. La mod\u00e8le mesure 1m73 et porte une taille S\/36.<\/span><\/p>\n<p><span style=\"font-weight: 400;\">Look faisant partie de notre d\u00e9fil\u00e9 printemps-\u00e9t\u00e9 2025 \u201cLa G\u00e2t\u00e9e\u201d pr\u00e9sent\u00e9 \u00e0 Marseille le 9 Juin lors de la Slow Fashion Week, ode au Sud de la France et \u00e0 l\u2019esprit proven\u00e7al. <\/span><\/p>\n","protected":false},"excerpt":{"rendered":"<p>Blouse beige, rouge \u00e0 carreaux et broderies de cerises, adorable! Partie en coton beige sur la poitrine bord\u00e9e de broderie, tissu en&hellip;<\/p>\n","protected":false},"featured_media":388258,"template":"","meta":[],"product_brand":[],"product_cat":[663,671,668,661],"product_tag":[],"class_list":{"0":"post-388284","1":"product","2":"type-product","3":"status-publish","4":"has-post-thumbnail","6":"product_cat-blouses","7":"product_cat-defiles","8":"product_cat-capsule","9":"product_cat-tout-voir","11":"first","12":"instock","13":"taxable","14":"shipping-taxable","15":"purchasable","16":"product-type-variable"},"_links":{"self":[{"href":"https:\/\/maisoncleo.com\/fr\/wp-json\/wp\/v2\/product\/388284","targetHints":{"allow":["GET"]}}],"collection":[{"href":"https:\/\/maisoncleo.com\/fr\/wp-json\/wp\/v2\/product"}],"about":[{"href":"https:\/\/maisoncleo.com\/fr\/wp-json\/wp\/v2\/types\/product"}],"version-history":[{"count":1,"href":"https:\/\/maisoncleo.com\/fr\/wp-json\/wp\/v2\/product\/388284\/revisions"}],"predecessor-version":[{"id":388298,"href":"https:\/\/maisoncleo.com\/fr\/wp-json\/wp\/v2\/product\/388284\/revisions\/388298"}],"wp:featuredmedia":[{"embeddable":true,"href":"https:\/\/maisoncleo.com\/fr\/wp-json\/wp\/v2\/media\/388258"}],"wp:attachment":[{"href":"https:\/\/maisoncleo.com\/fr\/wp-json\/wp\/v2\/media?parent=388284"}],"wp:term":[{"taxonomy":"product_brand","embeddable":true,"href":"https:\/\/maisoncleo.com\/fr\/wp-json\/wp\/v2\/product_brand?post=388284"},{"taxonomy":"product_cat","embeddable":true,"href":"https:\/\/maisoncleo.com\/fr\/wp-json\/wp\/v2\/product_cat?post=388284"},{"taxonomy":"product_tag","embeddable":true,"href":"https:\/\/maisoncleo.com\/fr\/wp-json\/wp\/v2\/product_tag?post=388284"}],"curies":[{"name":"wp","href":"https:\/\/api.w.org\/{rel}","templated":true}]}}