{"id":388222,"date":"2025-06-18T12:18:46","date_gmt":"2025-06-18T10:18:47","guid":{"rendered":"https:\/\/maisoncleo.com\/?post_type=product&#038;p=388222"},"modified":"2025-06-18T16:36:31","modified_gmt":"2025-06-18T14:36:31","slug":"la-gatee-jupe-teila-en-coton-beige-trapeze-detail-bouton-nacre-copy-2","status":"publish","type":"product","link":"https:\/\/maisoncleo.com\/fr\/shop\/la-gatee-jupe-teila-en-coton-beige-trapeze-detail-bouton-nacre-copy-2\/","title":{"rendered":"LA G\u00c2T\u00c9E &#8211; Blouse Agn\u00e8s en coton beige d\u00e9tail boutons nacr\u00e9s"},"content":{"rendered":"<p><span style=\"font-weight: 400;\">Notre blouse iconique Agn\u00e8s faite dans un tissu en coton beige, deux boutons nacr\u00e9s sur le devant, manches bouffantes \u00be. La blouse du d\u00e9fil\u00e9 \u00e9tait faite en version courte. Si vous la commandez ici, elle sera faite dans sa longueur standard comme sur les premi\u00e8res photos. La mod\u00e8le mesure 1m73 et porte une taille S\/36.<\/span><\/p>\n<p><span style=\"font-weight: 400;\">Look faisant partie de notre d\u00e9fil\u00e9 printemps-\u00e9t\u00e9 2025 \u201cLa G\u00e2t\u00e9e\u201d pr\u00e9sent\u00e9 \u00e0 Marseille le 9 Juin lors de la Slow Fashion Week, ode au Sud de la France et \u00e0 l\u2019esprit proven\u00e7al. <\/span><\/p>\n","protected":false},"excerpt":{"rendered":"<p>Notre blouse iconique Agn\u00e8s faite dans un tissu en coton beige, deux boutons nacr\u00e9s sur le devant, manches bouffantes \u00be. La blouse&hellip;<\/p>\n","protected":false},"featured_media":388203,"template":"","meta":[],"product_brand":[],"product_cat":[663,671,668,661],"product_tag":[],"class_list":{"0":"post-388222","1":"product","2":"type-product","3":"status-publish","4":"has-post-thumbnail","6":"product_cat-blouses","7":"product_cat-defiles","8":"product_cat-capsule","9":"product_cat-tout-voir","11":"first","12":"instock","13":"taxable","14":"shipping-taxable","15":"purchasable","16":"product-type-variable"},"_links":{"self":[{"href":"https:\/\/maisoncleo.com\/fr\/wp-json\/wp\/v2\/product\/388222","targetHints":{"allow":["GET"]}}],"collection":[{"href":"https:\/\/maisoncleo.com\/fr\/wp-json\/wp\/v2\/product"}],"about":[{"href":"https:\/\/maisoncleo.com\/fr\/wp-json\/wp\/v2\/types\/product"}],"version-history":[{"count":1,"href":"https:\/\/maisoncleo.com\/fr\/wp-json\/wp\/v2\/product\/388222\/revisions"}],"predecessor-version":[{"id":388236,"href":"https:\/\/maisoncleo.com\/fr\/wp-json\/wp\/v2\/product\/388222\/revisions\/388236"}],"wp:featuredmedia":[{"embeddable":true,"href":"https:\/\/maisoncleo.com\/fr\/wp-json\/wp\/v2\/media\/388203"}],"wp:attachment":[{"href":"https:\/\/maisoncleo.com\/fr\/wp-json\/wp\/v2\/media?parent=388222"}],"wp:term":[{"taxonomy":"product_brand","embeddable":true,"href":"https:\/\/maisoncleo.com\/fr\/wp-json\/wp\/v2\/product_brand?post=388222"},{"taxonomy":"product_cat","embeddable":true,"href":"https:\/\/maisoncleo.com\/fr\/wp-json\/wp\/v2\/product_cat?post=388222"},{"taxonomy":"product_tag","embeddable":true,"href":"https:\/\/maisoncleo.com\/fr\/wp-json\/wp\/v2\/product_tag?post=388222"}],"curies":[{"name":"wp","href":"https:\/\/api.w.org\/{rel}","templated":true}]}}