{"id":387947,"date":"2025-06-18T11:27:52","date_gmt":"2025-06-18T09:27:52","guid":{"rendered":"https:\/\/maisoncleo.com\/?post_type=product&#038;p=387947"},"modified":"2025-09-24T08:08:38","modified_gmt":"2025-09-24T06:08:38","slug":"la-gatee-pantalon-corsaire-en-coton-batiste-a-pois-rouges-avec-broderies-copy","status":"publish","type":"product","link":"https:\/\/maisoncleo.com\/fr\/shop\/la-gatee-pantalon-corsaire-en-coton-batiste-a-pois-rouges-avec-broderies-copy\/","title":{"rendered":"LA G\u00c2T\u00c9E &#8211; Pantalon capri \u00be en coton \u00e0 pois bleu marine avec boutons nacr\u00e9s"},"content":{"rendered":"<p><span style=\"font-weight: 400;\">Pantalon capri \u00be en coton \u00e0 pois bleu marine, ajust\u00e9, fermeture \u00e0 l\u2019aide de trois boutons nacr\u00e9s sur le devant. 100% coton. La mod\u00e8le mesure 1m73 et porte une taille S\/36.<\/span><\/p>\n<p><span style=\"font-weight: 400;\">Look faisant partie de notre d\u00e9fil\u00e9 printemps-\u00e9t\u00e9 2025 \u201cLa G\u00e2t\u00e9e\u201d pr\u00e9sent\u00e9 \u00e0 Marseille le 9 Juin lors de la Slow Fashion Week, ode au Sud de la France et \u00e0 l\u2019esprit proven\u00e7al. <\/span><\/p>\n","protected":false},"excerpt":{"rendered":"<p>Pantalon capri \u00be en coton \u00e0 pois bleu marine, ajust\u00e9, fermeture \u00e0 l\u2019aide de trois boutons nacr\u00e9s sur le devant. 100% coton.&hellip;<\/p>\n","protected":false},"featured_media":387955,"template":"","meta":[],"product_brand":[],"product_cat":[671,668,675,661],"product_tag":[],"class_list":{"0":"post-387947","1":"product","2":"type-product","3":"status-publish","4":"has-post-thumbnail","6":"product_cat-defiles","7":"product_cat-capsule","8":"product_cat-pantalons-shorts","9":"product_cat-tout-voir","11":"first","12":"instock","13":"taxable","14":"shipping-taxable","15":"purchasable","16":"product-type-variable"},"_links":{"self":[{"href":"https:\/\/maisoncleo.com\/fr\/wp-json\/wp\/v2\/product\/387947","targetHints":{"allow":["GET"]}}],"collection":[{"href":"https:\/\/maisoncleo.com\/fr\/wp-json\/wp\/v2\/product"}],"about":[{"href":"https:\/\/maisoncleo.com\/fr\/wp-json\/wp\/v2\/types\/product"}],"version-history":[{"count":1,"href":"https:\/\/maisoncleo.com\/fr\/wp-json\/wp\/v2\/product\/387947\/revisions"}],"predecessor-version":[{"id":388003,"href":"https:\/\/maisoncleo.com\/fr\/wp-json\/wp\/v2\/product\/387947\/revisions\/388003"}],"wp:featuredmedia":[{"embeddable":true,"href":"https:\/\/maisoncleo.com\/fr\/wp-json\/wp\/v2\/media\/387955"}],"wp:attachment":[{"href":"https:\/\/maisoncleo.com\/fr\/wp-json\/wp\/v2\/media?parent=387947"}],"wp:term":[{"taxonomy":"product_brand","embeddable":true,"href":"https:\/\/maisoncleo.com\/fr\/wp-json\/wp\/v2\/product_brand?post=387947"},{"taxonomy":"product_cat","embeddable":true,"href":"https:\/\/maisoncleo.com\/fr\/wp-json\/wp\/v2\/product_cat?post=387947"},{"taxonomy":"product_tag","embeddable":true,"href":"https:\/\/maisoncleo.com\/fr\/wp-json\/wp\/v2\/product_tag?post=387947"}],"curies":[{"name":"wp","href":"https:\/\/api.w.org\/{rel}","templated":true}]}}