{"id":387877,"date":"2025-06-18T11:10:23","date_gmt":"2025-06-18T09:10:24","guid":{"rendered":"https:\/\/maisoncleo.com\/?post_type=product&#038;p=387877"},"modified":"2025-07-28T21:35:51","modified_gmt":"2025-07-28T19:35:51","slug":"la-gatee-jupe-mi-longue-evasee-en-coton-bleu-marine-et-broderies-copy","status":"publish","type":"product","link":"https:\/\/maisoncleo.com\/fr\/shop\/la-gatee-jupe-mi-longue-evasee-en-coton-bleu-marine-et-broderies-copy\/","title":{"rendered":"LA G\u00c2T\u00c9E &#8211; Pantalon corsaire en coton batiste \u00e0 pois rouges avec broderies"},"content":{"rendered":"<p><span style=\"font-weight: 400;\">Pantalon corsaire en coton batiste \u00e0 pois rouges, \u00e9lastiqu\u00e9 \u00e0 la taille avec un lien \u00e0 nouer, resserr\u00e9 dans le bas, agr\u00e9ment\u00e9 de broderie Anglaise sur la taille et dans le bas. 100% coton. La mod\u00e8le mesure 1m73 et porte une taille S\/36.<\/span><\/p>\n<p><span style=\"font-weight: 400;\">Look faisant partie de notre d\u00e9fil\u00e9 printemps-\u00e9t\u00e9 2025 \u201cLa G\u00e2t\u00e9e\u201d pr\u00e9sent\u00e9 \u00e0 Marseille le 9 Juin lors de la Slow Fashion Week, ode au Sud de la France et \u00e0 l\u2019esprit proven\u00e7al. <\/span><\/p>\n","protected":false},"excerpt":{"rendered":"<p>Pantalon corsaire en coton batiste \u00e0 pois rouges, \u00e9lastiqu\u00e9 \u00e0 la taille avec un lien \u00e0 nouer, resserr\u00e9 dans le bas, agr\u00e9ment\u00e9&hellip;<\/p>\n","protected":false},"featured_media":387885,"template":"","meta":[],"product_brand":[],"product_cat":[671,668,675,661],"product_tag":[],"class_list":{"0":"post-387877","1":"product","2":"type-product","3":"status-publish","4":"has-post-thumbnail","6":"product_cat-defiles","7":"product_cat-capsule","8":"product_cat-pantalons-shorts","9":"product_cat-tout-voir","11":"first","12":"instock","13":"taxable","14":"shipping-taxable","15":"purchasable","16":"product-type-variable"},"_links":{"self":[{"href":"https:\/\/maisoncleo.com\/fr\/wp-json\/wp\/v2\/product\/387877","targetHints":{"allow":["GET"]}}],"collection":[{"href":"https:\/\/maisoncleo.com\/fr\/wp-json\/wp\/v2\/product"}],"about":[{"href":"https:\/\/maisoncleo.com\/fr\/wp-json\/wp\/v2\/types\/product"}],"version-history":[{"count":1,"href":"https:\/\/maisoncleo.com\/fr\/wp-json\/wp\/v2\/product\/387877\/revisions"}],"predecessor-version":[{"id":387917,"href":"https:\/\/maisoncleo.com\/fr\/wp-json\/wp\/v2\/product\/387877\/revisions\/387917"}],"wp:featuredmedia":[{"embeddable":true,"href":"https:\/\/maisoncleo.com\/fr\/wp-json\/wp\/v2\/media\/387885"}],"wp:attachment":[{"href":"https:\/\/maisoncleo.com\/fr\/wp-json\/wp\/v2\/media?parent=387877"}],"wp:term":[{"taxonomy":"product_brand","embeddable":true,"href":"https:\/\/maisoncleo.com\/fr\/wp-json\/wp\/v2\/product_brand?post=387877"},{"taxonomy":"product_cat","embeddable":true,"href":"https:\/\/maisoncleo.com\/fr\/wp-json\/wp\/v2\/product_cat?post=387877"},{"taxonomy":"product_tag","embeddable":true,"href":"https:\/\/maisoncleo.com\/fr\/wp-json\/wp\/v2\/product_tag?post=387877"}],"curies":[{"name":"wp","href":"https:\/\/api.w.org\/{rel}","templated":true}]}}