{"id":387855,"date":"2025-06-18T11:06:41","date_gmt":"2025-06-18T09:06:42","guid":{"rendered":"https:\/\/maisoncleo.com\/?post_type=product&#038;p=387855"},"modified":"2025-07-28T21:35:51","modified_gmt":"2025-07-28T19:35:51","slug":"la-gatee-jupe-mi-longue-evasee-en-coton-bleu-marine-et-broderies-copy-2","status":"publish","type":"product","link":"https:\/\/maisoncleo.com\/fr\/shop\/la-gatee-jupe-mi-longue-evasee-en-coton-bleu-marine-et-broderies-copy-2\/","title":{"rendered":"LA G\u00c2T\u00c9E &#8211; Top mimi en coton \u00e0 pois bleu marine avec broderies"},"content":{"rendered":"<p><span style=\"font-weight: 400;\">Top mimi en coton \u00e0 pois bleu marine agr\u00e9ment\u00e9 de broderie anglaise sur les bretelles et le bas du top, \u00e9lastiqu\u00e9e en dessous de la poitrine, trois liens \u00e0 nouer sur le devant. 100% coton. La mod\u00e8le mesure 1m73 et porte une taille S\/36.<\/span><\/p>\n<p><span style=\"font-weight: 400;\">Look faisant partie de notre d\u00e9fil\u00e9 printemps-\u00e9t\u00e9 2025 \u201cLa G\u00e2t\u00e9e\u201d pr\u00e9sent\u00e9 \u00e0 Marseille le 9 Juin lors de la Slow Fashion Week, ode au Sud de la France et \u00e0 l\u2019esprit proven\u00e7al. <\/span><\/p>\n","protected":false},"excerpt":{"rendered":"<p>Top mimi en coton \u00e0 pois bleu marine agr\u00e9ment\u00e9 de broderie anglaise sur les bretelles et le bas du top, \u00e9lastiqu\u00e9e en&hellip;<\/p>\n","protected":false},"featured_media":387837,"template":"","meta":[],"product_brand":[],"product_cat":[671,668,674,661],"product_tag":[],"class_list":{"0":"post-387855","1":"product","2":"type-product","3":"status-publish","4":"has-post-thumbnail","6":"product_cat-defiles","7":"product_cat-capsule","8":"product_cat-tops","9":"product_cat-tout-voir","11":"first","12":"instock","13":"taxable","14":"shipping-taxable","15":"purchasable","16":"product-type-variable"},"_links":{"self":[{"href":"https:\/\/maisoncleo.com\/fr\/wp-json\/wp\/v2\/product\/387855","targetHints":{"allow":["GET"]}}],"collection":[{"href":"https:\/\/maisoncleo.com\/fr\/wp-json\/wp\/v2\/product"}],"about":[{"href":"https:\/\/maisoncleo.com\/fr\/wp-json\/wp\/v2\/types\/product"}],"version-history":[{"count":1,"href":"https:\/\/maisoncleo.com\/fr\/wp-json\/wp\/v2\/product\/387855\/revisions"}],"predecessor-version":[{"id":387869,"href":"https:\/\/maisoncleo.com\/fr\/wp-json\/wp\/v2\/product\/387855\/revisions\/387869"}],"wp:featuredmedia":[{"embeddable":true,"href":"https:\/\/maisoncleo.com\/fr\/wp-json\/wp\/v2\/media\/387837"}],"wp:attachment":[{"href":"https:\/\/maisoncleo.com\/fr\/wp-json\/wp\/v2\/media?parent=387855"}],"wp:term":[{"taxonomy":"product_brand","embeddable":true,"href":"https:\/\/maisoncleo.com\/fr\/wp-json\/wp\/v2\/product_brand?post=387855"},{"taxonomy":"product_cat","embeddable":true,"href":"https:\/\/maisoncleo.com\/fr\/wp-json\/wp\/v2\/product_cat?post=387855"},{"taxonomy":"product_tag","embeddable":true,"href":"https:\/\/maisoncleo.com\/fr\/wp-json\/wp\/v2\/product_tag?post=387855"}],"curies":[{"name":"wp","href":"https:\/\/api.w.org\/{rel}","templated":true}]}}