{"id":387819,"date":"2025-06-18T10:59:12","date_gmt":"2025-06-18T08:59:13","guid":{"rendered":"https:\/\/maisoncleo.com\/?post_type=product&#038;p=387819"},"modified":"2025-06-18T16:12:22","modified_gmt":"2025-06-18T14:12:22","slug":"la-gatee-jupe-longue-romantique-en-coton-blanc-avec-broderies-et-dentelle-copy","status":"publish","type":"product","link":"https:\/\/maisoncleo.com\/fr\/shop\/la-gatee-jupe-longue-romantique-en-coton-blanc-avec-broderies-et-dentelle-copy\/","title":{"rendered":"LA G\u00c2T\u00c9E &#8211; Jupe mi-longue \u00e9vas\u00e9e en coton bleu marine et broderies"},"content":{"rendered":"<p><span style=\"font-weight: 400;\">Jupe mi-longue \u00e9vas\u00e9e en coton bleu marine \u00e0 pois blancs et broderie anglaise. Ourlet broderie anglaise volant\u00e9e sur la taille. Coupe \u00e9vas\u00e9e, taille \u00e9lastiqu\u00e9e, lien \u00e0 nouer \u00e0 la taille. 100% coton. La mod\u00e8le mesure 1m73 et porte une taille S\/36.<\/span><\/p>\n<p><span style=\"font-weight: 400;\">Look faisant partie de notre d\u00e9fil\u00e9 printemps-\u00e9t\u00e9 2025 \u201cLa G\u00e2t\u00e9e\u201d pr\u00e9sent\u00e9 \u00e0 Marseille le 9 Juin lors de la Slow Fashion Week, ode au Sud de la France et \u00e0 l\u2019esprit proven\u00e7al. <\/span><\/p>\n","protected":false},"excerpt":{"rendered":"<p>Jupe mi-longue \u00e9vas\u00e9e en coton bleu marine \u00e0 pois blancs et broderie anglaise. Ourlet broderie anglaise volant\u00e9e sur la taille. Coupe \u00e9vas\u00e9e,&hellip;<\/p>\n","protected":false},"featured_media":387827,"template":"","meta":[],"product_brand":[],"product_cat":[671,672,668,661],"product_tag":[],"class_list":{"0":"post-387819","1":"product","2":"type-product","3":"status-publish","4":"has-post-thumbnail","6":"product_cat-defiles","7":"product_cat-jupes","8":"product_cat-capsule","9":"product_cat-tout-voir","11":"first","12":"instock","13":"taxable","14":"shipping-taxable","15":"purchasable","16":"product-type-variable"},"_links":{"self":[{"href":"https:\/\/maisoncleo.com\/fr\/wp-json\/wp\/v2\/product\/387819","targetHints":{"allow":["GET"]}}],"collection":[{"href":"https:\/\/maisoncleo.com\/fr\/wp-json\/wp\/v2\/product"}],"about":[{"href":"https:\/\/maisoncleo.com\/fr\/wp-json\/wp\/v2\/types\/product"}],"version-history":[{"count":1,"href":"https:\/\/maisoncleo.com\/fr\/wp-json\/wp\/v2\/product\/387819\/revisions"}],"predecessor-version":[{"id":387847,"href":"https:\/\/maisoncleo.com\/fr\/wp-json\/wp\/v2\/product\/387819\/revisions\/387847"}],"wp:featuredmedia":[{"embeddable":true,"href":"https:\/\/maisoncleo.com\/fr\/wp-json\/wp\/v2\/media\/387827"}],"wp:attachment":[{"href":"https:\/\/maisoncleo.com\/fr\/wp-json\/wp\/v2\/media?parent=387819"}],"wp:term":[{"taxonomy":"product_brand","embeddable":true,"href":"https:\/\/maisoncleo.com\/fr\/wp-json\/wp\/v2\/product_brand?post=387819"},{"taxonomy":"product_cat","embeddable":true,"href":"https:\/\/maisoncleo.com\/fr\/wp-json\/wp\/v2\/product_cat?post=387819"},{"taxonomy":"product_tag","embeddable":true,"href":"https:\/\/maisoncleo.com\/fr\/wp-json\/wp\/v2\/product_tag?post=387819"}],"curies":[{"name":"wp","href":"https:\/\/api.w.org\/{rel}","templated":true}]}}