{"id":387765,"date":"2025-06-18T10:51:54","date_gmt":"2025-06-18T08:51:55","guid":{"rendered":"https:\/\/maisoncleo.com\/?post_type=product&#038;p=387765"},"modified":"2025-06-18T16:09:34","modified_gmt":"2025-06-18T14:09:34","slug":"la-gatee-jupe-longue-romantique-en-coton-blanc-avec-broderies-et-dentelle-copy-2","status":"publish","type":"product","link":"https:\/\/maisoncleo.com\/fr\/shop\/la-gatee-jupe-longue-romantique-en-coton-blanc-avec-broderies-et-dentelle-copy-2\/","title":{"rendered":"LA G\u00c2T\u00c9E &#8211; Top Mimi romantique en coton blanc avec broderies et dentelle"},"content":{"rendered":"<p><span style=\"font-weight: 400;\">Notre top Mimi en coton blanc de retour dans une nouvelle version romantique! \u00c9lastiqu\u00e9 en dessous de la poitrine avec une bande de dentelle ajour\u00e9e, agr\u00e9ment\u00e9 de broderie Anglaise sur les bretelles sur sur la poitrine en volants, bande de dentelle dans le bas, deux liens \u00e0 nouer sur le devant. 100% coton. La mod\u00e8le mesure 1m73 et porte une taille S\/36.<\/span><\/p>\n<p><span style=\"font-weight: 400;\">Look faisant partie de notre d\u00e9fil\u00e9 printemps-\u00e9t\u00e9 2025 \u201cLa G\u00e2t\u00e9e\u201d pr\u00e9sent\u00e9 \u00e0 Marseille le 9 Juin lors de la Slow Fashion Week, ode au Sud de la France et \u00e0 l\u2019esprit proven\u00e7al. <\/span><\/p>\n","protected":false},"excerpt":{"rendered":"<p>Notre top Mimi en coton blanc de retour dans une nouvelle version romantique! \u00c9lastiqu\u00e9 en dessous de la poitrine avec une bande&hellip;<\/p>\n","protected":false},"featured_media":387743,"template":"","meta":[],"product_brand":[],"product_cat":[671,668,674,661],"product_tag":[],"class_list":{"0":"post-387765","1":"product","2":"type-product","3":"status-publish","4":"has-post-thumbnail","6":"product_cat-defiles","7":"product_cat-capsule","8":"product_cat-tops","9":"product_cat-tout-voir","11":"first","12":"instock","13":"taxable","14":"shipping-taxable","15":"purchasable","16":"product-type-variable"},"_links":{"self":[{"href":"https:\/\/maisoncleo.com\/fr\/wp-json\/wp\/v2\/product\/387765","targetHints":{"allow":["GET"]}}],"collection":[{"href":"https:\/\/maisoncleo.com\/fr\/wp-json\/wp\/v2\/product"}],"about":[{"href":"https:\/\/maisoncleo.com\/fr\/wp-json\/wp\/v2\/types\/product"}],"version-history":[{"count":1,"href":"https:\/\/maisoncleo.com\/fr\/wp-json\/wp\/v2\/product\/387765\/revisions"}],"predecessor-version":[{"id":387779,"href":"https:\/\/maisoncleo.com\/fr\/wp-json\/wp\/v2\/product\/387765\/revisions\/387779"}],"wp:featuredmedia":[{"embeddable":true,"href":"https:\/\/maisoncleo.com\/fr\/wp-json\/wp\/v2\/media\/387743"}],"wp:attachment":[{"href":"https:\/\/maisoncleo.com\/fr\/wp-json\/wp\/v2\/media?parent=387765"}],"wp:term":[{"taxonomy":"product_brand","embeddable":true,"href":"https:\/\/maisoncleo.com\/fr\/wp-json\/wp\/v2\/product_brand?post=387765"},{"taxonomy":"product_cat","embeddable":true,"href":"https:\/\/maisoncleo.com\/fr\/wp-json\/wp\/v2\/product_cat?post=387765"},{"taxonomy":"product_tag","embeddable":true,"href":"https:\/\/maisoncleo.com\/fr\/wp-json\/wp\/v2\/product_tag?post=387765"}],"curies":[{"name":"wp","href":"https:\/\/api.w.org\/{rel}","templated":true}]}}