{"id":387713,"date":"2025-06-18T10:45:47","date_gmt":"2025-06-18T08:45:48","guid":{"rendered":"https:\/\/maisoncleo.com\/?post_type=product&#038;p=387713"},"modified":"2026-05-07T19:32:40","modified_gmt":"2026-05-07T17:32:40","slug":"la-gatee-blouse-en-coton-blanc-babydoll-oversize-copy","status":"publish","type":"product","link":"https:\/\/maisoncleo.com\/fr\/shop\/la-gatee-blouse-en-coton-blanc-babydoll-oversize-copy\/","title":{"rendered":"LA G\u00c2T\u00c9E &#8211; Jupe longue romantique en coton blanc avec broderies et dentelle"},"content":{"rendered":"<p><span style=\"font-weight: 400;\">Jupe longue romantique en coton blanc agr\u00e9ment\u00e9 de broderies Anglaise et de parties en dentelles. Pliss\u00e9e dans le bas, taille \u00e9lastiqu\u00e9e, lien \u00e0 nouer et petits volants de broderies anglaises sur la taille. 100% coton. La mod\u00e8le mesure 1m73 et porte une taille S\/36.<\/span><\/p>\n<p><span style=\"font-weight: 400;\">Look faisant partie de notre d\u00e9fil\u00e9 printemps-\u00e9t\u00e9 2025 \u201cLa G\u00e2t\u00e9e\u201d pr\u00e9sent\u00e9 \u00e0 Marseille le 9 Juin lors de la Slow Fashion Week, ode au Sud de la France et \u00e0 l\u2019esprit proven\u00e7al. <\/span><\/p>\n","protected":false},"excerpt":{"rendered":"<p>Jupe longue romantique en coton blanc agr\u00e9ment\u00e9 de broderies Anglaise et de parties en dentelles. Pliss\u00e9e dans le bas, taille \u00e9lastiqu\u00e9e, lien&hellip;<\/p>\n","protected":false},"featured_media":387735,"template":"","meta":[],"product_brand":[],"product_cat":[671,672,668,661],"product_tag":[],"class_list":{"0":"post-387713","1":"product","2":"type-product","3":"status-publish","4":"has-post-thumbnail","6":"product_cat-defiles","7":"product_cat-jupes","8":"product_cat-capsule","9":"product_cat-tout-voir","11":"first","12":"instock","13":"taxable","14":"shipping-taxable","15":"purchasable","16":"product-type-variable"},"_links":{"self":[{"href":"https:\/\/maisoncleo.com\/fr\/wp-json\/wp\/v2\/product\/387713","targetHints":{"allow":["GET"]}}],"collection":[{"href":"https:\/\/maisoncleo.com\/fr\/wp-json\/wp\/v2\/product"}],"about":[{"href":"https:\/\/maisoncleo.com\/fr\/wp-json\/wp\/v2\/types\/product"}],"version-history":[{"count":1,"href":"https:\/\/maisoncleo.com\/fr\/wp-json\/wp\/v2\/product\/387713\/revisions"}],"predecessor-version":[{"id":387757,"href":"https:\/\/maisoncleo.com\/fr\/wp-json\/wp\/v2\/product\/387713\/revisions\/387757"}],"wp:featuredmedia":[{"embeddable":true,"href":"https:\/\/maisoncleo.com\/fr\/wp-json\/wp\/v2\/media\/387735"}],"wp:attachment":[{"href":"https:\/\/maisoncleo.com\/fr\/wp-json\/wp\/v2\/media?parent=387713"}],"wp:term":[{"taxonomy":"product_brand","embeddable":true,"href":"https:\/\/maisoncleo.com\/fr\/wp-json\/wp\/v2\/product_brand?post=387713"},{"taxonomy":"product_cat","embeddable":true,"href":"https:\/\/maisoncleo.com\/fr\/wp-json\/wp\/v2\/product_cat?post=387713"},{"taxonomy":"product_tag","embeddable":true,"href":"https:\/\/maisoncleo.com\/fr\/wp-json\/wp\/v2\/product_tag?post=387713"}],"curies":[{"name":"wp","href":"https:\/\/api.w.org\/{rel}","templated":true}]}}