{"id":387615,"date":"2025-06-18T10:28:42","date_gmt":"2025-06-18T08:28:42","guid":{"rendered":"https:\/\/maisoncleo.com\/?post_type=product&#038;p=387615"},"modified":"2025-06-18T16:06:02","modified_gmt":"2025-06-18T14:06:02","slug":"la-gatee-robe-babydoll-oversize-en-coton-blanc-avec-broderies-copy","status":"publish","type":"product","link":"https:\/\/maisoncleo.com\/fr\/shop\/la-gatee-robe-babydoll-oversize-en-coton-blanc-avec-broderies-copy\/","title":{"rendered":"LA G\u00c2T\u00c9E &#8211; Robe babydoll oversize en coton rouge \u00e0 pois blancs avec broderies"},"content":{"rendered":"<p><span style=\"font-weight: 400;\">Robe babydoll oversize en coton rouge \u00e0 pois blancs, rang\u00e9es de volants dans le bas avec de la broderie Anglaise, encolure arrondie agr\u00e9ment\u00e9e de broderies. Tissu coton batiste fin, fluide, doux et tr\u00e8s agr\u00e9able \u00e0 porter. 100% coton. La mod\u00e8le mesure 1m73 et porte une taille S\/36.<\/span><\/p>\n<p><span style=\"font-weight: 400;\">Look faisant partie de notre d\u00e9fil\u00e9 printemps-\u00e9t\u00e9 2025 \u201cLa G\u00e2t\u00e9e\u201d pr\u00e9sent\u00e9 \u00e0 Marseille le 9 Juin lors de la Slow Fashion Week, ode au Sud de la France et \u00e0 l\u2019esprit proven\u00e7al. <\/span><\/p>\n","protected":false},"excerpt":{"rendered":"<p>Robe babydoll oversize en coton rouge \u00e0 pois blancs, rang\u00e9es de volants dans le bas avec de la broderie Anglaise, encolure arrondie&hellip;<\/p>\n","protected":false},"featured_media":387623,"template":"","meta":[],"product_brand":[],"product_cat":[671,668,664,661],"product_tag":[],"class_list":{"0":"post-387615","1":"product","2":"type-product","3":"status-publish","4":"has-post-thumbnail","6":"product_cat-defiles","7":"product_cat-capsule","8":"product_cat-robes","9":"product_cat-tout-voir","11":"first","12":"instock","13":"taxable","14":"shipping-taxable","15":"purchasable","16":"product-type-variable"},"_links":{"self":[{"href":"https:\/\/maisoncleo.com\/fr\/wp-json\/wp\/v2\/product\/387615","targetHints":{"allow":["GET"]}}],"collection":[{"href":"https:\/\/maisoncleo.com\/fr\/wp-json\/wp\/v2\/product"}],"about":[{"href":"https:\/\/maisoncleo.com\/fr\/wp-json\/wp\/v2\/types\/product"}],"version-history":[{"count":1,"href":"https:\/\/maisoncleo.com\/fr\/wp-json\/wp\/v2\/product\/387615\/revisions"}],"predecessor-version":[{"id":387649,"href":"https:\/\/maisoncleo.com\/fr\/wp-json\/wp\/v2\/product\/387615\/revisions\/387649"}],"wp:featuredmedia":[{"embeddable":true,"href":"https:\/\/maisoncleo.com\/fr\/wp-json\/wp\/v2\/media\/387623"}],"wp:attachment":[{"href":"https:\/\/maisoncleo.com\/fr\/wp-json\/wp\/v2\/media?parent=387615"}],"wp:term":[{"taxonomy":"product_brand","embeddable":true,"href":"https:\/\/maisoncleo.com\/fr\/wp-json\/wp\/v2\/product_brand?post=387615"},{"taxonomy":"product_cat","embeddable":true,"href":"https:\/\/maisoncleo.com\/fr\/wp-json\/wp\/v2\/product_cat?post=387615"},{"taxonomy":"product_tag","embeddable":true,"href":"https:\/\/maisoncleo.com\/fr\/wp-json\/wp\/v2\/product_tag?post=387615"}],"curies":[{"name":"wp","href":"https:\/\/api.w.org\/{rel}","templated":true}]}}