{"id":387549,"date":"2025-06-18T10:09:07","date_gmt":"2025-06-18T08:09:08","guid":{"rendered":"https:\/\/maisoncleo.com\/?post_type=product&#038;p=387549"},"modified":"2025-06-18T15:43:51","modified_gmt":"2025-06-18T13:43:51","slug":"la-gatee-jupe-trapeze-en-coton-fleuri-avec-ouverture-copy","status":"publish","type":"product","link":"https:\/\/maisoncleo.com\/fr\/shop\/la-gatee-jupe-trapeze-en-coton-fleuri-avec-ouverture-copy\/","title":{"rendered":"LA G\u00c2T\u00c9E &#8211; Crop top en coton fleuri avec lien"},"content":{"rendered":"<p><span style=\"font-weight: 400;\">Crop top en coton fleuri, d\u00e9collet\u00e9 haut \u00e9lastiqu\u00e9e et ouverture avec un lien \u00e0 nouer, \u00e9lastiqu\u00e9e en dessous de la poitrine, petites manches bouffantes, volants dans le bas. Tissu fleuri proven\u00e7al. 100% coton. La mod\u00e8le mesure 1m73 et porte une taille S\/36. Si vous souhaitez avoir une longueur \u00e0 la taille, vous pouvez commander l\u2019option sur-mesure et indiquer dans les commentaires au moment du panier que vous le souhaitez plus long.<\/span><\/p>\n<p><span style=\"font-weight: 400;\">Look faisant partie de notre d\u00e9fil\u00e9 printemps-\u00e9t\u00e9 2025 \u201cLa G\u00e2t\u00e9e\u201d pr\u00e9sent\u00e9 \u00e0 Marseille le 9 Juin lors de la Slow Fashion Week, ode au Sud de la France et \u00e0 l\u2019esprit proven\u00e7al. <\/span><\/p>\n","protected":false},"excerpt":{"rendered":"<p>Crop top en coton fleuri, d\u00e9collet\u00e9 haut \u00e9lastiqu\u00e9e et ouverture avec un lien \u00e0 nouer, \u00e9lastiqu\u00e9e en dessous de la poitrine, petites&hellip;<\/p>\n","protected":false},"featured_media":387509,"template":"","meta":[],"product_brand":[],"product_cat":[663,671,668,674,661],"product_tag":[],"class_list":{"0":"post-387549","1":"product","2":"type-product","3":"status-publish","4":"has-post-thumbnail","6":"product_cat-blouses","7":"product_cat-defiles","8":"product_cat-capsule","9":"product_cat-tops","10":"product_cat-tout-voir","12":"first","13":"instock","14":"taxable","15":"shipping-taxable","16":"purchasable","17":"product-type-variable"},"_links":{"self":[{"href":"https:\/\/maisoncleo.com\/fr\/wp-json\/wp\/v2\/product\/387549","targetHints":{"allow":["GET"]}}],"collection":[{"href":"https:\/\/maisoncleo.com\/fr\/wp-json\/wp\/v2\/product"}],"about":[{"href":"https:\/\/maisoncleo.com\/fr\/wp-json\/wp\/v2\/types\/product"}],"version-history":[{"count":1,"href":"https:\/\/maisoncleo.com\/fr\/wp-json\/wp\/v2\/product\/387549\/revisions"}],"predecessor-version":[{"id":387563,"href":"https:\/\/maisoncleo.com\/fr\/wp-json\/wp\/v2\/product\/387549\/revisions\/387563"}],"wp:featuredmedia":[{"embeddable":true,"href":"https:\/\/maisoncleo.com\/fr\/wp-json\/wp\/v2\/media\/387509"}],"wp:attachment":[{"href":"https:\/\/maisoncleo.com\/fr\/wp-json\/wp\/v2\/media?parent=387549"}],"wp:term":[{"taxonomy":"product_brand","embeddable":true,"href":"https:\/\/maisoncleo.com\/fr\/wp-json\/wp\/v2\/product_brand?post=387549"},{"taxonomy":"product_cat","embeddable":true,"href":"https:\/\/maisoncleo.com\/fr\/wp-json\/wp\/v2\/product_cat?post=387549"},{"taxonomy":"product_tag","embeddable":true,"href":"https:\/\/maisoncleo.com\/fr\/wp-json\/wp\/v2\/product_tag?post=387549"}],"curies":[{"name":"wp","href":"https:\/\/api.w.org\/{rel}","templated":true}]}}