{"id":387468,"date":"2025-06-18T09:48:47","date_gmt":"2025-06-18T07:48:48","guid":{"rendered":"https:\/\/maisoncleo.com\/?post_type=product&#038;p=387468"},"modified":"2025-07-03T00:25:40","modified_gmt":"2025-07-02T22:25:40","slug":"la-gatee-jupe-plissee-volantee-en-coton-rouge-a-pois-blancs-avec-chouchous-copy","status":"publish","type":"product","link":"https:\/\/maisoncleo.com\/fr\/shop\/la-gatee-jupe-plissee-volantee-en-coton-rouge-a-pois-blancs-avec-chouchous-copy\/","title":{"rendered":"LA G\u00c2T\u00c9E &#8211; Top brassi\u00e8re en coton \u00e0 pois rouges et blancs avec chouchous"},"content":{"rendered":"<p><span style=\"font-weight: 400;\">Top brassi\u00e8re en coton \u00e0 pois rouges et blancs, deux larges bretelles, d\u00e9collet\u00e9 en V, deux chouchous sur la poitrine, fermeture par un crochet dans le dos. Tissu coton batiste fin, fluide, doux et tr\u00e8s agr\u00e9able \u00e0 porter. 100% coton. La mod\u00e8le mesure 1m73 et porte une taille S\/36.<\/span><\/p>\n<p><span style=\"font-weight: 400;\">Look faisant partie de notre d\u00e9fil\u00e9 printemps-\u00e9t\u00e9 2025 \u201cLa G\u00e2t\u00e9e\u201d pr\u00e9sent\u00e9 \u00e0 Marseille le 9 Juin lors de la Slow Fashion Week, ode au Sud de la France et \u00e0 l\u2019esprit proven\u00e7al. <\/span><\/p>\n","protected":false},"excerpt":{"rendered":"<p>Top brassi\u00e8re en coton \u00e0 pois rouges et blancs, deux larges bretelles, d\u00e9collet\u00e9 en V, deux chouchous sur la poitrine, fermeture par&hellip;<\/p>\n","protected":false},"featured_media":387425,"template":"","meta":[],"product_brand":[],"product_cat":[671,672,668,661],"product_tag":[],"class_list":{"0":"post-387468","1":"product","2":"type-product","3":"status-publish","4":"has-post-thumbnail","6":"product_cat-defiles","7":"product_cat-jupes","8":"product_cat-capsule","9":"product_cat-tout-voir","11":"first","12":"instock","13":"taxable","14":"shipping-taxable","15":"purchasable","16":"product-type-variable"},"_links":{"self":[{"href":"https:\/\/maisoncleo.com\/fr\/wp-json\/wp\/v2\/product\/387468","targetHints":{"allow":["GET"]}}],"collection":[{"href":"https:\/\/maisoncleo.com\/fr\/wp-json\/wp\/v2\/product"}],"about":[{"href":"https:\/\/maisoncleo.com\/fr\/wp-json\/wp\/v2\/types\/product"}],"version-history":[{"count":1,"href":"https:\/\/maisoncleo.com\/fr\/wp-json\/wp\/v2\/product\/387468\/revisions"}],"predecessor-version":[{"id":387482,"href":"https:\/\/maisoncleo.com\/fr\/wp-json\/wp\/v2\/product\/387468\/revisions\/387482"}],"wp:featuredmedia":[{"embeddable":true,"href":"https:\/\/maisoncleo.com\/fr\/wp-json\/wp\/v2\/media\/387425"}],"wp:attachment":[{"href":"https:\/\/maisoncleo.com\/fr\/wp-json\/wp\/v2\/media?parent=387468"}],"wp:term":[{"taxonomy":"product_brand","embeddable":true,"href":"https:\/\/maisoncleo.com\/fr\/wp-json\/wp\/v2\/product_brand?post=387468"},{"taxonomy":"product_cat","embeddable":true,"href":"https:\/\/maisoncleo.com\/fr\/wp-json\/wp\/v2\/product_cat?post=387468"},{"taxonomy":"product_tag","embeddable":true,"href":"https:\/\/maisoncleo.com\/fr\/wp-json\/wp\/v2\/product_tag?post=387468"}],"curies":[{"name":"wp","href":"https:\/\/api.w.org\/{rel}","templated":true}]}}