{"id":387411,"date":"2025-06-17T21:08:28","date_gmt":"2025-06-17T19:08:28","guid":{"rendered":"https:\/\/maisoncleo.com\/?post_type=product&#038;p=387411"},"modified":"2025-07-15T17:45:44","modified_gmt":"2025-07-15T15:45:44","slug":"la-gatee-robe-babydoll-oversize-en-coton-blanc-avec-broderies-copy-2","status":"publish","type":"product","link":"https:\/\/maisoncleo.com\/fr\/shop\/la-gatee-robe-babydoll-oversize-en-coton-blanc-avec-broderies-copy-2\/","title":{"rendered":"LA G\u00c2T\u00c9E &#8211; Jupe pliss\u00e9e volant\u00e9e en coton rouge \u00e0 pois blancs avec chouchous"},"content":{"rendered":"<p><span style=\"font-weight: 400;\">Jupe pliss\u00e9e volant\u00e9e en coton rouge \u00e0 pois blancs, taille mi-haute, rang\u00e9e de chouchous dans le bas, fermeture \u00e9clair invisible sur le c\u00f4t\u00e9. 100% coton. La mod\u00e8le mesure 1m73 et porte une taille S\/36.<\/span><\/p>\n<p><span style=\"font-weight: 400;\">Look faisant partie de notre d\u00e9fil\u00e9 printemps-\u00e9t\u00e9 2025 \u201cLa G\u00e2t\u00e9e\u201d pr\u00e9sent\u00e9 \u00e0 Marseille le 9 Juin lors de la Slow Fashion Week, ode au Sud de la France et \u00e0 l\u2019esprit proven\u00e7al. <\/span><\/p>\n","protected":false},"excerpt":{"rendered":"<p>Jupe pliss\u00e9e volant\u00e9e en coton rouge \u00e0 pois blancs, taille mi-haute, rang\u00e9e de chouchous dans le bas, fermeture \u00e9clair invisible sur le&hellip;<\/p>\n","protected":false},"featured_media":387419,"template":"","meta":[],"product_brand":[],"product_cat":[671,672,668,661],"product_tag":[],"class_list":{"0":"post-387411","1":"product","2":"type-product","3":"status-publish","4":"has-post-thumbnail","6":"product_cat-defiles","7":"product_cat-jupes","8":"product_cat-capsule","9":"product_cat-tout-voir","11":"first","12":"outofstock","13":"taxable","14":"shipping-taxable","15":"purchasable","16":"product-type-variable"},"_links":{"self":[{"href":"https:\/\/maisoncleo.com\/fr\/wp-json\/wp\/v2\/product\/387411","targetHints":{"allow":["GET"]}}],"collection":[{"href":"https:\/\/maisoncleo.com\/fr\/wp-json\/wp\/v2\/product"}],"about":[{"href":"https:\/\/maisoncleo.com\/fr\/wp-json\/wp\/v2\/types\/product"}],"version-history":[{"count":1,"href":"https:\/\/maisoncleo.com\/fr\/wp-json\/wp\/v2\/product\/387411\/revisions"}],"predecessor-version":[{"id":387460,"href":"https:\/\/maisoncleo.com\/fr\/wp-json\/wp\/v2\/product\/387411\/revisions\/387460"}],"wp:featuredmedia":[{"embeddable":true,"href":"https:\/\/maisoncleo.com\/fr\/wp-json\/wp\/v2\/media\/387419"}],"wp:attachment":[{"href":"https:\/\/maisoncleo.com\/fr\/wp-json\/wp\/v2\/media?parent=387411"}],"wp:term":[{"taxonomy":"product_brand","embeddable":true,"href":"https:\/\/maisoncleo.com\/fr\/wp-json\/wp\/v2\/product_brand?post=387411"},{"taxonomy":"product_cat","embeddable":true,"href":"https:\/\/maisoncleo.com\/fr\/wp-json\/wp\/v2\/product_cat?post=387411"},{"taxonomy":"product_tag","embeddable":true,"href":"https:\/\/maisoncleo.com\/fr\/wp-json\/wp\/v2\/product_tag?post=387411"}],"curies":[{"name":"wp","href":"https:\/\/api.w.org\/{rel}","templated":true}]}}