{"id":387243,"date":"2025-06-17T20:18:16","date_gmt":"2025-06-17T18:18:16","guid":{"rendered":"https:\/\/maisoncleo.com\/?post_type=product&#038;p=387243"},"modified":"2025-06-18T15:33:36","modified_gmt":"2025-06-18T13:33:36","slug":"la-gatee-robe-en-jersey-stretch-bleu-marine-a-pois-blancs-copy","status":"publish","type":"product","link":"https:\/\/maisoncleo.com\/fr\/shop\/la-gatee-robe-en-jersey-stretch-bleu-marine-a-pois-blancs-copy\/","title":{"rendered":"LA G\u00c2T\u00c9E &#8211; Robe transparente trap\u00e8ze en organza iris\u00e9"},"content":{"rendered":"<p><span style=\"font-weight: 400;\">Robe transparente en organza iris\u00e9, coupe trap\u00e8ze. Le tissu est brillant avec des petites paillettes. On l\u2019adore! La mod\u00e8le mesure 1m73 et porte une taille S\/36.<\/span><\/p>\n<p><span style=\"font-weight: 400;\">Look faisant partie de notre d\u00e9fil\u00e9 printemps-\u00e9t\u00e9 2025 \u201cLa G\u00e2t\u00e9e\u201d pr\u00e9sent\u00e9 \u00e0 Marseille le 9 Juin lors de la Slow Fashion Week, ode au Sud de la France et \u00e0 l\u2019esprit proven\u00e7al. <\/span><\/p>\n","protected":false},"excerpt":{"rendered":"<p>Robe transparente en organza iris\u00e9, coupe trap\u00e8ze. Le tissu est brillant avec des petites paillettes. On l\u2019adore! La mod\u00e8le mesure 1m73 et&hellip;<\/p>\n","protected":false},"featured_media":387255,"template":"","meta":[],"product_brand":[],"product_cat":[671,668,664,661],"product_tag":[],"class_list":{"0":"post-387243","1":"product","2":"type-product","3":"status-publish","4":"has-post-thumbnail","6":"product_cat-defiles","7":"product_cat-capsule","8":"product_cat-robes","9":"product_cat-tout-voir","11":"first","12":"instock","13":"taxable","14":"shipping-taxable","15":"purchasable","16":"product-type-variable"},"_links":{"self":[{"href":"https:\/\/maisoncleo.com\/fr\/wp-json\/wp\/v2\/product\/387243","targetHints":{"allow":["GET"]}}],"collection":[{"href":"https:\/\/maisoncleo.com\/fr\/wp-json\/wp\/v2\/product"}],"about":[{"href":"https:\/\/maisoncleo.com\/fr\/wp-json\/wp\/v2\/types\/product"}],"version-history":[{"count":1,"href":"https:\/\/maisoncleo.com\/fr\/wp-json\/wp\/v2\/product\/387243\/revisions"}],"predecessor-version":[{"id":387281,"href":"https:\/\/maisoncleo.com\/fr\/wp-json\/wp\/v2\/product\/387243\/revisions\/387281"}],"wp:featuredmedia":[{"embeddable":true,"href":"https:\/\/maisoncleo.com\/fr\/wp-json\/wp\/v2\/media\/387255"}],"wp:attachment":[{"href":"https:\/\/maisoncleo.com\/fr\/wp-json\/wp\/v2\/media?parent=387243"}],"wp:term":[{"taxonomy":"product_brand","embeddable":true,"href":"https:\/\/maisoncleo.com\/fr\/wp-json\/wp\/v2\/product_brand?post=387243"},{"taxonomy":"product_cat","embeddable":true,"href":"https:\/\/maisoncleo.com\/fr\/wp-json\/wp\/v2\/product_cat?post=387243"},{"taxonomy":"product_tag","embeddable":true,"href":"https:\/\/maisoncleo.com\/fr\/wp-json\/wp\/v2\/product_tag?post=387243"}],"curies":[{"name":"wp","href":"https:\/\/api.w.org\/{rel}","templated":true}]}}