{"id":386973,"date":"2025-06-17T17:43:38","date_gmt":"2025-06-17T15:43:39","guid":{"rendered":"https:\/\/maisoncleo.com\/?post_type=product&#038;p=386973"},"modified":"2025-07-29T00:13:01","modified_gmt":"2025-07-28T22:13:01","slug":"la-gatee-top-de-maillot-de-bain-bleu-marine-a-pois-blancs-copy","status":"publish","type":"product","link":"https:\/\/maisoncleo.com\/fr\/shop\/la-gatee-top-de-maillot-de-bain-bleu-marine-a-pois-blancs-copy\/","title":{"rendered":"LA G\u00c2T\u00c9E &#8211; Robe Janie babydoll en coton bleu marine \u00e0 pois blanc"},"content":{"rendered":"<p><span style=\"font-weight: 400;\">Robe Janie babydoll en coton bleu marine \u00e0 pois blanc, petit col rond, manches courtes bouffantes \u00e9lastiques, coupe oversize. La robe Jane Birkin! 100% coton. La mod\u00e8le mesure 1m73 et porte une taille S\/36.<\/span><\/p>\n<p><span style=\"font-weight: 400;\">Look faisant partie de notre d\u00e9fil\u00e9 printemps-\u00e9t\u00e9 2025 \u201cLa G\u00e2t\u00e9e\u201d pr\u00e9sent\u00e9 \u00e0 Marseille le 9 Juin lors de la Slow Fashion Week, ode au Sud de la France et \u00e0 l\u2019esprit proven\u00e7al. <\/span><\/p>\n","protected":false},"excerpt":{"rendered":"<p>Robe Janie babydoll en coton bleu marine \u00e0 pois blanc, petit col rond, manches courtes bouffantes \u00e9lastiques, coupe oversize. La robe Jane&hellip;<\/p>\n","protected":false},"featured_media":386981,"template":"","meta":[],"product_brand":[],"product_cat":[671,668,664,661],"product_tag":[],"class_list":{"0":"post-386973","1":"product","2":"type-product","3":"status-publish","4":"has-post-thumbnail","6":"product_cat-defiles","7":"product_cat-capsule","8":"product_cat-robes","9":"product_cat-tout-voir","11":"first","12":"instock","13":"taxable","14":"shipping-taxable","15":"purchasable","16":"product-type-variable"},"_links":{"self":[{"href":"https:\/\/maisoncleo.com\/fr\/wp-json\/wp\/v2\/product\/386973","targetHints":{"allow":["GET"]}}],"collection":[{"href":"https:\/\/maisoncleo.com\/fr\/wp-json\/wp\/v2\/product"}],"about":[{"href":"https:\/\/maisoncleo.com\/fr\/wp-json\/wp\/v2\/types\/product"}],"version-history":[{"count":1,"href":"https:\/\/maisoncleo.com\/fr\/wp-json\/wp\/v2\/product\/386973\/revisions"}],"predecessor-version":[{"id":386999,"href":"https:\/\/maisoncleo.com\/fr\/wp-json\/wp\/v2\/product\/386973\/revisions\/386999"}],"wp:featuredmedia":[{"embeddable":true,"href":"https:\/\/maisoncleo.com\/fr\/wp-json\/wp\/v2\/media\/386981"}],"wp:attachment":[{"href":"https:\/\/maisoncleo.com\/fr\/wp-json\/wp\/v2\/media?parent=386973"}],"wp:term":[{"taxonomy":"product_brand","embeddable":true,"href":"https:\/\/maisoncleo.com\/fr\/wp-json\/wp\/v2\/product_brand?post=386973"},{"taxonomy":"product_cat","embeddable":true,"href":"https:\/\/maisoncleo.com\/fr\/wp-json\/wp\/v2\/product_cat?post=386973"},{"taxonomy":"product_tag","embeddable":true,"href":"https:\/\/maisoncleo.com\/fr\/wp-json\/wp\/v2\/product_tag?post=386973"}],"curies":[{"name":"wp","href":"https:\/\/api.w.org\/{rel}","templated":true}]}}