{"id":386955,"date":"2025-06-17T16:55:06","date_gmt":"2025-06-17T15:38:07","guid":{"rendered":"https:\/\/maisoncleo.com\/?post_type=product&#038;p=386955"},"modified":"2025-06-18T15:17:25","modified_gmt":"2025-06-18T13:17:25","slug":"la-gatee-top-de-maillot-de-bain-bleu-marine-a-pois-blancs-copy-2","status":"publish","type":"product","link":"https:\/\/maisoncleo.com\/fr\/shop\/la-gatee-top-de-maillot-de-bain-bleu-marine-a-pois-blancs-copy-2\/","title":{"rendered":"LA G\u00c2T\u00c9E &#8211; Sac tote bag port\u00e9 \u00e9paule beige bouton nacr\u00e9"},"content":{"rendered":"<p><span style=\"font-weight: 400;\">Sac tote bag port\u00e9 \u00e9paule beige en coton, deux anses agr\u00e9ment\u00e9es d\u2019un bouton nacr\u00e9. Doubl\u00e9. 100% coton.<\/span><\/p>\n<p><span style=\"font-weight: 400;\">Look faisant partie de notre d\u00e9fil\u00e9 printemps-\u00e9t\u00e9 2025 \u201cLa G\u00e2t\u00e9e\u201d pr\u00e9sent\u00e9 \u00e0 Marseille le 9 Juin lors de la Slow Fashion Week, ode au Sud de la France et \u00e0 l\u2019esprit proven\u00e7al. <\/span><\/p>\n","protected":false},"excerpt":{"rendered":"<p>Sac tote bag port\u00e9 \u00e9paule beige en coton, deux anses agr\u00e9ment\u00e9es d\u2019un bouton nacr\u00e9. Doubl\u00e9. 100% coton. Look faisant partie de notre&hellip;<\/p>\n","protected":false},"featured_media":386875,"template":"","meta":[],"product_brand":[],"product_cat":[671,668,652,661],"product_tag":[],"class_list":{"0":"post-386955","1":"product","2":"type-product","3":"status-publish","4":"has-post-thumbnail","6":"product_cat-defiles","7":"product_cat-capsule","8":"product_cat-sacs","9":"product_cat-tout-voir","11":"first","12":"instock","13":"taxable","14":"shipping-taxable","15":"purchasable","16":"product-type-variable"},"_links":{"self":[{"href":"https:\/\/maisoncleo.com\/fr\/wp-json\/wp\/v2\/product\/386955","targetHints":{"allow":["GET"]}}],"collection":[{"href":"https:\/\/maisoncleo.com\/fr\/wp-json\/wp\/v2\/product"}],"about":[{"href":"https:\/\/maisoncleo.com\/fr\/wp-json\/wp\/v2\/types\/product"}],"version-history":[{"count":1,"href":"https:\/\/maisoncleo.com\/fr\/wp-json\/wp\/v2\/product\/386955\/revisions"}],"predecessor-version":[{"id":386965,"href":"https:\/\/maisoncleo.com\/fr\/wp-json\/wp\/v2\/product\/386955\/revisions\/386965"}],"wp:featuredmedia":[{"embeddable":true,"href":"https:\/\/maisoncleo.com\/fr\/wp-json\/wp\/v2\/media\/386875"}],"wp:attachment":[{"href":"https:\/\/maisoncleo.com\/fr\/wp-json\/wp\/v2\/media?parent=386955"}],"wp:term":[{"taxonomy":"product_brand","embeddable":true,"href":"https:\/\/maisoncleo.com\/fr\/wp-json\/wp\/v2\/product_brand?post=386955"},{"taxonomy":"product_cat","embeddable":true,"href":"https:\/\/maisoncleo.com\/fr\/wp-json\/wp\/v2\/product_cat?post=386955"},{"taxonomy":"product_tag","embeddable":true,"href":"https:\/\/maisoncleo.com\/fr\/wp-json\/wp\/v2\/product_tag?post=386955"}],"curies":[{"name":"wp","href":"https:\/\/api.w.org\/{rel}","templated":true}]}}