{"id":386931,"date":"2025-06-17T16:55:28","date_gmt":"2025-06-17T14:55:28","guid":{"rendered":"https:\/\/maisoncleo.com\/?post_type=product&#038;p=386931"},"modified":"2025-06-18T15:19:09","modified_gmt":"2025-06-18T13:19:09","slug":"la-gatee-culotte-de-maillot-de-bain-bikini-a-pois-copy","status":"publish","type":"product","link":"https:\/\/maisoncleo.com\/fr\/shop\/la-gatee-culotte-de-maillot-de-bain-bikini-a-pois-copy\/","title":{"rendered":"LA G\u00c2T\u00c9E &#8211; Par\u00e9o de maillot de bain \u00e0 pois"},"content":{"rendered":"<p><span style=\"font-weight: 400;\">Par\u00e9o de maillot de bain \u00e0 pois. Fabriqu\u00e9e dans un tissu de maillot de bain en jersey stretch.<\/span><\/p>\n<p><span style=\"font-weight: 400;\">Look faisant partie de notre d\u00e9fil\u00e9 printemps-\u00e9t\u00e9 2025 \u201cLa G\u00e2t\u00e9e\u201d pr\u00e9sent\u00e9 \u00e0 Marseille le 9 Juin lors de la Slow Fashion Week, ode au Sud de la France et \u00e0 l\u2019esprit proven\u00e7al. <\/span><\/p>\n","protected":false},"excerpt":{"rendered":"<p>Par\u00e9o de maillot de bain \u00e0 pois. Fabriqu\u00e9e dans un tissu de maillot de bain en jersey stretch. Look faisant partie de&hellip;<\/p>\n","protected":false},"featured_media":386939,"template":"","meta":[],"product_brand":[],"product_cat":[651,671,673,668,661],"product_tag":[],"class_list":{"0":"post-386931","1":"product","2":"type-product","3":"status-publish","4":"has-post-thumbnail","6":"product_cat-accessoires","7":"product_cat-defiles","8":"product_cat-maillots-de-bain","9":"product_cat-capsule","10":"product_cat-tout-voir","12":"first","13":"instock","14":"taxable","15":"shipping-taxable","16":"purchasable","17":"product-type-variable"},"_links":{"self":[{"href":"https:\/\/maisoncleo.com\/fr\/wp-json\/wp\/v2\/product\/386931","targetHints":{"allow":["GET"]}}],"collection":[{"href":"https:\/\/maisoncleo.com\/fr\/wp-json\/wp\/v2\/product"}],"about":[{"href":"https:\/\/maisoncleo.com\/fr\/wp-json\/wp\/v2\/types\/product"}],"version-history":[{"count":1,"href":"https:\/\/maisoncleo.com\/fr\/wp-json\/wp\/v2\/product\/386931\/revisions"}],"predecessor-version":[{"id":386947,"href":"https:\/\/maisoncleo.com\/fr\/wp-json\/wp\/v2\/product\/386931\/revisions\/386947"}],"wp:featuredmedia":[{"embeddable":true,"href":"https:\/\/maisoncleo.com\/fr\/wp-json\/wp\/v2\/media\/386939"}],"wp:attachment":[{"href":"https:\/\/maisoncleo.com\/fr\/wp-json\/wp\/v2\/media?parent=386931"}],"wp:term":[{"taxonomy":"product_brand","embeddable":true,"href":"https:\/\/maisoncleo.com\/fr\/wp-json\/wp\/v2\/product_brand?post=386931"},{"taxonomy":"product_cat","embeddable":true,"href":"https:\/\/maisoncleo.com\/fr\/wp-json\/wp\/v2\/product_cat?post=386931"},{"taxonomy":"product_tag","embeddable":true,"href":"https:\/\/maisoncleo.com\/fr\/wp-json\/wp\/v2\/product_tag?post=386931"}],"curies":[{"name":"wp","href":"https:\/\/api.w.org\/{rel}","templated":true}]}}