{"id":386903,"date":"2025-06-17T17:00:35","date_gmt":"2025-06-17T15:00:35","guid":{"rendered":"https:\/\/maisoncleo.com\/?post_type=product&#038;p=386903"},"modified":"2025-06-18T15:20:04","modified_gmt":"2025-06-18T13:20:04","slug":"la-gatee-top-de-maillot-de-bain-bleu-marine-a-pois-blancs-copy-3","status":"publish","type":"product","link":"https:\/\/maisoncleo.com\/fr\/shop\/la-gatee-top-de-maillot-de-bain-bleu-marine-a-pois-blancs-copy-3\/","title":{"rendered":"LA G\u00c2T\u00c9E &#8211; Culotte de maillot de bain bikini \u00e0 pois"},"content":{"rendered":"<p><span style=\"font-weight: 400;\">Culotte de maillot de bain bikini \u00e0 pois. Fabriqu\u00e9e dans un tissu de maillot de bain en jersey stretch.<\/span><\/p>\n<p><span style=\"font-weight: 400;\">Look faisant partie de notre d\u00e9fil\u00e9 printemps-\u00e9t\u00e9 2025 \u201cLa G\u00e2t\u00e9e\u201d pr\u00e9sent\u00e9 \u00e0 Marseille le 9 Juin lors de la Slow Fashion Week, ode au Sud de la France et \u00e0 l\u2019esprit proven\u00e7al. <\/span><\/p>\n","protected":false},"excerpt":{"rendered":"<p>Culotte de maillot de bain bikini \u00e0 pois. Fabriqu\u00e9e dans un tissu de maillot de bain en jersey stretch. Look faisant partie&hellip;<\/p>\n","protected":false},"featured_media":386914,"template":"","meta":[],"product_brand":[],"product_cat":[671,673,668,674,661],"product_tag":[],"class_list":{"0":"post-386903","1":"product","2":"type-product","3":"status-publish","4":"has-post-thumbnail","6":"product_cat-defiles","7":"product_cat-maillots-de-bain","8":"product_cat-capsule","9":"product_cat-tops","10":"product_cat-tout-voir","12":"first","13":"instock","14":"taxable","15":"shipping-taxable","16":"purchasable","17":"product-type-variable"},"_links":{"self":[{"href":"https:\/\/maisoncleo.com\/fr\/wp-json\/wp\/v2\/product\/386903","targetHints":{"allow":["GET"]}}],"collection":[{"href":"https:\/\/maisoncleo.com\/fr\/wp-json\/wp\/v2\/product"}],"about":[{"href":"https:\/\/maisoncleo.com\/fr\/wp-json\/wp\/v2\/types\/product"}],"version-history":[{"count":1,"href":"https:\/\/maisoncleo.com\/fr\/wp-json\/wp\/v2\/product\/386903\/revisions"}],"predecessor-version":[{"id":386923,"href":"https:\/\/maisoncleo.com\/fr\/wp-json\/wp\/v2\/product\/386903\/revisions\/386923"}],"wp:featuredmedia":[{"embeddable":true,"href":"https:\/\/maisoncleo.com\/fr\/wp-json\/wp\/v2\/media\/386914"}],"wp:attachment":[{"href":"https:\/\/maisoncleo.com\/fr\/wp-json\/wp\/v2\/media?parent=386903"}],"wp:term":[{"taxonomy":"product_brand","embeddable":true,"href":"https:\/\/maisoncleo.com\/fr\/wp-json\/wp\/v2\/product_brand?post=386903"},{"taxonomy":"product_cat","embeddable":true,"href":"https:\/\/maisoncleo.com\/fr\/wp-json\/wp\/v2\/product_cat?post=386903"},{"taxonomy":"product_tag","embeddable":true,"href":"https:\/\/maisoncleo.com\/fr\/wp-json\/wp\/v2\/product_tag?post=386903"}],"curies":[{"name":"wp","href":"https:\/\/api.w.org\/{rel}","templated":true}]}}