{"id":386679,"date":"2025-06-17T16:00:29","date_gmt":"2025-06-17T14:00:29","guid":{"rendered":"https:\/\/maisoncleo.com\/?post_type=product&#038;p=386679"},"modified":"2026-04-27T09:44:07","modified_gmt":"2026-04-27T07:44:07","slug":"la-gatee-la-robe-de-mariee-en-soie-chouchou-version-courte-copy-2","status":"publish","type":"product","link":"https:\/\/maisoncleo.com\/fr\/shop\/la-gatee-la-robe-de-mariee-en-soie-chouchou-version-courte-copy-2\/","title":{"rendered":"LA G\u00c2T\u00c9E &#8211; Le voile Chouchou en organza de soie"},"content":{"rendered":"<p><span style=\"font-weight: 400;\">Voile en organza de soie blanc cass\u00e9 bord\u00e9 de chouchou fabriqu\u00e9s et cousus \u00e0 la main tout le tour du voile. 100% soie. <\/span><\/p>\n<p><span style=\"font-weight: 400;\">Look faisant partie de notre d\u00e9fil\u00e9 printemps-\u00e9t\u00e9 2025 \u201cLa G\u00e2t\u00e9e\u201d pr\u00e9sent\u00e9 \u00e0 Marseille le 9 Juin lors de la Slow Fashion Week, ode au Sud de la France et \u00e0 l\u2019esprit proven\u00e7al.<\/span><\/p>\n<p>Ce voile prend presque un jour \u00e0 \u00eatre fabriqu\u00e9. Tous les chouchous sont fait et cousus \u00e0 la main.<\/p>\n","protected":false},"excerpt":{"rendered":"<p>Voile en organza de soie blanc cass\u00e9 bord\u00e9 de chouchou fabriqu\u00e9s et cousus \u00e0 la main tout le tour du voile. 100%&hellip;<\/p>\n","protected":false},"featured_media":386607,"template":"","meta":[],"product_brand":[],"product_cat":[656,671,958,668,661],"product_tag":[],"class_list":{"0":"post-386679","1":"product","2":"type-product","3":"status-publish","4":"has-post-thumbnail","6":"product_cat-accessoires-cheveux","7":"product_cat-defiles","8":"product_cat-mariage-selection","9":"product_cat-capsule","10":"product_cat-tout-voir","12":"first","13":"instock","14":"taxable","15":"shipping-taxable","16":"purchasable","17":"product-type-variable"},"_links":{"self":[{"href":"https:\/\/maisoncleo.com\/fr\/wp-json\/wp\/v2\/product\/386679","targetHints":{"allow":["GET"]}}],"collection":[{"href":"https:\/\/maisoncleo.com\/fr\/wp-json\/wp\/v2\/product"}],"about":[{"href":"https:\/\/maisoncleo.com\/fr\/wp-json\/wp\/v2\/types\/product"}],"version-history":[{"count":2,"href":"https:\/\/maisoncleo.com\/fr\/wp-json\/wp\/v2\/product\/386679\/revisions"}],"predecessor-version":[{"id":400212,"href":"https:\/\/maisoncleo.com\/fr\/wp-json\/wp\/v2\/product\/386679\/revisions\/400212"}],"wp:featuredmedia":[{"embeddable":true,"href":"https:\/\/maisoncleo.com\/fr\/wp-json\/wp\/v2\/media\/386607"}],"wp:attachment":[{"href":"https:\/\/maisoncleo.com\/fr\/wp-json\/wp\/v2\/media?parent=386679"}],"wp:term":[{"taxonomy":"product_brand","embeddable":true,"href":"https:\/\/maisoncleo.com\/fr\/wp-json\/wp\/v2\/product_brand?post=386679"},{"taxonomy":"product_cat","embeddable":true,"href":"https:\/\/maisoncleo.com\/fr\/wp-json\/wp\/v2\/product_cat?post=386679"},{"taxonomy":"product_tag","embeddable":true,"href":"https:\/\/maisoncleo.com\/fr\/wp-json\/wp\/v2\/product_tag?post=386679"}],"curies":[{"name":"wp","href":"https:\/\/api.w.org\/{rel}","templated":true}]}}